{"id":9811,"date":"2022-04-08T11:20:20","date_gmt":"2022-04-08T08:20:20","guid":{"rendered":"https:\/\/www.paksanmakina.com.tr\/anket.html"},"modified":"2022-04-08T11:23:02","modified_gmt":"2022-04-08T08:23:02","slug":"anket","status":"publish","type":"page","link":"https:\/\/www.paksanmakina.com.tr\/en\/anket\/","title":{"rendered":"Anket"},"content":{"rendered":"<p><img loading=\"lazy\" decoding=\"async\" class=\"aligncenter wp-image-9280\" src=\"http:\/\/www.paksanmakina.com.tr\/wp-content\/uploads\/2021\/06\/paksan_2.png\" alt=\"\" width=\"395\" height=\"99\" srcset=\"https:\/\/www.paksanmakina.com.tr\/wp-content\/uploads\/2021\/06\/paksan_2.png 4221w, https:\/\/www.paksanmakina.com.tr\/wp-content\/uploads\/2021\/06\/paksan_2-300x75.png 300w, https:\/\/www.paksanmakina.com.tr\/wp-content\/uploads\/2021\/06\/paksan_2-768x193.png 768w, https:\/\/www.paksanmakina.com.tr\/wp-content\/uploads\/2021\/06\/paksan_2-1024x257.png 1024w, https:\/\/www.paksanmakina.com.tr\/wp-content\/uploads\/2021\/06\/paksan_2-600x151.png 600w\" sizes=\"(max-width: 395px) 100vw, 395px\" \/><\/p>\n<p><img loading=\"lazy\" decoding=\"async\" class=\"aligncenter wp-image-9808\" src=\"http:\/\/www.paksanmakina.com.tr\/wp-content\/uploads\/2022\/04\/193-1930953_ziraat-bankas\u0131-logo-ziraat-bankas\u0131.jpg\" alt=\"\" width=\"225\" height=\"58\" srcset=\"https:\/\/www.paksanmakina.com.tr\/wp-content\/uploads\/2022\/04\/193-1930953_ziraat-bankas\u0131-logo-ziraat-bankas\u0131.jpg 840w, https:\/\/www.paksanmakina.com.tr\/wp-content\/uploads\/2022\/04\/193-1930953_ziraat-bankas\u0131-logo-ziraat-bankas\u0131-300x78.jpg 300w, https:\/\/www.paksanmakina.com.tr\/wp-content\/uploads\/2022\/04\/193-1930953_ziraat-bankas\u0131-logo-ziraat-bankas\u0131-768x198.jpg 768w, https:\/\/www.paksanmakina.com.tr\/wp-content\/uploads\/2022\/04\/193-1930953_ziraat-bankas\u0131-logo-ziraat-bankas\u0131-600x155.jpg 600w, https:\/\/www.paksanmakina.com.tr\/wp-content\/uploads\/2022\/04\/193-1930953_ziraat-bankas\u0131-logo-ziraat-bankas\u0131-150x39.jpg 150w\" sizes=\"(max-width: 225px) 100vw, 225px\" \/><\/p>\n<p>&nbsp;<\/p>\n<p style=\"text-align: center;\"><div class=\"wpforms-container wpforms-container-full\" id=\"wpforms-9802\"><form id=\"wpforms-form-9802\" class=\"wpforms-validate wpforms-form wpforms-ajax-form\" data-formid=\"9802\" method=\"post\" enctype=\"multipart\/form-data\" action=\"\/en\/wp-json\/wp\/v2\/pages\/9811\" data-token=\"f6b7e6dabd53878792444f0609c3d603\" data-token-time=\"1776392410\"><noscript class=\"wpforms-error-noscript\">Please enable JavaScript in your browser to complete this form.<\/noscript><div class=\"wpforms-field-container\"><div id=\"wpforms-9802-field_4-container\" class=\"wpforms-field wpforms-field-name\" data-field-id=\"4\"><label class=\"wpforms-field-label\">Ad-Soyad <span class=\"wpforms-required-label\">*<\/span><\/label><div class=\"wpforms-field-row wpforms-field-medium\"><div class=\"wpforms-field-row-block wpforms-first wpforms-one-half\"><input type=\"text\" id=\"wpforms-9802-field_4\" class=\"wpforms-field-name-first wpforms-field-required\" name=\"wpforms[fields][4][first]\" required><label for=\"wpforms-9802-field_4\" class=\"wpforms-field-sublabel after\">First<\/label><\/div><div class=\"wpforms-field-row-block wpforms-one-half\"><input type=\"text\" id=\"wpforms-9802-field_4-last\" class=\"wpforms-field-name-last wpforms-field-required\" name=\"wpforms[fields][4][last]\" required><label for=\"wpforms-9802-field_4-last\" class=\"wpforms-field-sublabel after\">Last<\/label><\/div><\/div><\/div><div id=\"wpforms-9802-field_5-container\" class=\"wpforms-field wpforms-field-email\" data-field-id=\"5\"><label class=\"wpforms-field-label\" for=\"wpforms-9802-field_5\">Email <span class=\"wpforms-required-label\">*<\/span><\/label><input type=\"email\" id=\"wpforms-9802-field_5\" class=\"wpforms-field-medium wpforms-field-required\" name=\"wpforms[fields][5]\" spellcheck=\"false\" required><\/div><div id=\"wpforms-9802-field_6-container\" class=\"wpforms-field wpforms-field-checkbox\" data-field-id=\"6\"><label class=\"wpforms-field-label\">L\u00dcTFEN SE\u00c7\u0130N<\/label><ul id=\"wpforms-9802-field_6\" data-choice-limit=\"1\"><li class=\"choice-1 depth-1\"><input type=\"checkbox\" id=\"wpforms-9802-field_6_1\" data-rule-check-limit=\"true\" name=\"wpforms[fields][6][]\" value=\"EVET\"  ><label class=\"wpforms-field-label-inline\" for=\"wpforms-9802-field_6_1\">EVET<\/label><\/li><li class=\"choice-2 depth-1\"><input type=\"checkbox\" id=\"wpforms-9802-field_6_2\" data-rule-check-limit=\"true\" name=\"wpforms[fields][6][]\" value=\"HAYIR\"  ><label class=\"wpforms-field-label-inline\" for=\"wpforms-9802-field_6_2\">HAYIR<\/label><\/li><\/ul><\/div><\/div><!-- .wpforms-field-container --><div class=\"wpforms-submit-container\" ><input type=\"hidden\" name=\"wpforms[id]\" value=\"9802\"><input type=\"hidden\" name=\"page_title\" value=\"\"><input type=\"hidden\" name=\"page_url\" value=\"https:\/\/www.paksanmakina.com.tr\/en\/wp-json\/wp\/v2\/pages\/9811\"><button type=\"submit\" name=\"wpforms[submit]\" id=\"wpforms-submit-9802\" class=\"wpforms-submit serhattecimenpaksanmakinacomtr\" data-alt-text=\"G\u00f6nder...\" data-submit-text=\"G\u00f6nder\" aria-live=\"assertive\" value=\"wpforms-submit\">G\u00f6nder<\/button><img loading=\"lazy\" decoding=\"async\" src=\"https:\/\/www.paksanmakina.com.tr\/wp-content\/plugins\/wpforms-lite\/assets\/images\/submit-spin.svg\" class=\"wpforms-submit-spinner\" style=\"display: none;\" width=\"26\" height=\"26\" alt=\"Loading\"><\/div><\/form><\/div>  <!-- .wpforms-container -->\n","protected":false},"excerpt":{"rendered":"<p>&nbsp;<\/p>\n","protected":false},"author":3,"featured_media":0,"parent":0,"menu_order":0,"comment_status":"closed","ping_status":"closed","template":"","meta":{"footnotes":""},"yoast_head":"<!-- This site is optimized with the Yoast SEO plugin v20.0 - https:\/\/yoast.com\/wordpress\/plugins\/seo\/ -->\n<title>Anket | Paksan Makina<\/title>\n<meta name=\"robots\" content=\"index, follow, max-snippet:-1, max-image-preview:large, max-video-preview:-1\" \/>\n<link rel=\"canonical\" href=\"https:\/\/www.paksanmakina.com.tr\/en\/anket\/\" \/>\n<meta property=\"og:locale\" content=\"en_US\" \/>\n<meta property=\"og:type\" content=\"article\" \/>\n<meta property=\"og:title\" content=\"Anket | Paksan Makina\" \/>\n<meta property=\"og:description\" content=\"&nbsp;\" \/>\n<meta property=\"og:url\" content=\"https:\/\/www.paksanmakina.com.tr\/en\/anket\/\" \/>\n<meta property=\"og:site_name\" content=\"Paksan Makina\" \/>\n<meta property=\"article:publisher\" content=\"https:\/\/www.facebook.com\/paksanmakina\/\" \/>\n<meta property=\"article:modified_time\" content=\"2022-04-08T08:23:02+00:00\" \/>\n<meta property=\"og:image\" content=\"http:\/\/www.paksanmakina.com.tr\/wp-content\/uploads\/2021\/06\/paksan_2.png\" \/>\n<meta name=\"twitter:card\" content=\"summary_large_image\" \/>\n<script type=\"application\/ld+json\" class=\"yoast-schema-graph\">{\"@context\":\"https:\/\/schema.org\",\"@graph\":[{\"@type\":\"WebPage\",\"@id\":\"https:\/\/www.paksanmakina.com.tr\/en\/anket\/\",\"url\":\"https:\/\/www.paksanmakina.com.tr\/en\/anket\/\",\"name\":\"Anket | Paksan Makina\",\"isPartOf\":{\"@id\":\"https:\/\/www.paksanmakina.com.tr\/en\/#website\"},\"datePublished\":\"2022-04-08T08:20:20+00:00\",\"dateModified\":\"2022-04-08T08:23:02+00:00\",\"breadcrumb\":{\"@id\":\"https:\/\/www.paksanmakina.com.tr\/en\/anket\/#breadcrumb\"},\"inLanguage\":\"en-US\",\"potentialAction\":[{\"@type\":\"ReadAction\",\"target\":[\"https:\/\/www.paksanmakina.com.tr\/en\/anket\/\"]}]},{\"@type\":\"BreadcrumbList\",\"@id\":\"https:\/\/www.paksanmakina.com.tr\/en\/anket\/#breadcrumb\",\"itemListElement\":[{\"@type\":\"ListItem\",\"position\":1,\"name\":\"Home\",\"item\":\"https:\/\/www.paksanmakina.com.tr\/en\/\"},{\"@type\":\"ListItem\",\"position\":2,\"name\":\"Anket\"}]},{\"@type\":\"WebSite\",\"@id\":\"https:\/\/www.paksanmakina.com.tr\/en\/#website\",\"url\":\"https:\/\/www.paksanmakina.com.tr\/en\/\",\"name\":\"Paksan Makina\",\"description\":\"en iyisini istiyorsan !\",\"publisher\":{\"@id\":\"https:\/\/www.paksanmakina.com.tr\/en\/#organization\"},\"alternateName\":\"Paksan Makina\",\"potentialAction\":[{\"@type\":\"SearchAction\",\"target\":{\"@type\":\"EntryPoint\",\"urlTemplate\":\"https:\/\/www.paksanmakina.com.tr\/en\/?s={search_term_string}\"},\"query-input\":\"required name=search_term_string\"}],\"inLanguage\":\"en-US\"},{\"@type\":\"Organization\",\"@id\":\"https:\/\/www.paksanmakina.com.tr\/en\/#organization\",\"name\":\"Paksan\",\"alternateName\":\"PAKSAN MAK\u0130NA\",\"url\":\"https:\/\/www.paksanmakina.com.tr\/en\/\",\"logo\":{\"@type\":\"ImageObject\",\"inLanguage\":\"en-US\",\"@id\":\"https:\/\/www.paksanmakina.com.tr\/en\/#\/schema\/logo\/image\/\",\"url\":\"https:\/\/www.paksanmakina.com.tr\/wp-content\/uploads\/2022\/02\/Logo_Png.png\",\"contentUrl\":\"https:\/\/www.paksanmakina.com.tr\/wp-content\/uploads\/2022\/02\/Logo_Png.png\",\"width\":105,\"height\":105,\"caption\":\"Paksan\"},\"image\":{\"@id\":\"https:\/\/www.paksanmakina.com.tr\/en\/#\/schema\/logo\/image\/\"},\"sameAs\":[\"https:\/\/www.instagram.com\/paksan.makina\/\",\"https:\/\/www.youtube.com\/channel\/UCX-RQBs37hXd-enTaXEKE1A\",\"https:\/\/www.facebook.com\/paksanmakina\/\"]}]}<\/script>\n<!-- \/ Yoast SEO plugin. -->","yoast_head_json":{"title":"Anket | Paksan Makina","robots":{"index":"index","follow":"follow","max-snippet":"max-snippet:-1","max-image-preview":"max-image-preview:large","max-video-preview":"max-video-preview:-1"},"canonical":"https:\/\/www.paksanmakina.com.tr\/en\/anket\/","og_locale":"en_US","og_type":"article","og_title":"Anket | Paksan Makina","og_description":"&nbsp;","og_url":"https:\/\/www.paksanmakina.com.tr\/en\/anket\/","og_site_name":"Paksan Makina","article_publisher":"https:\/\/www.facebook.com\/paksanmakina\/","article_modified_time":"2022-04-08T08:23:02+00:00","og_image":[{"url":"http:\/\/www.paksanmakina.com.tr\/wp-content\/uploads\/2021\/06\/paksan_2.png"}],"twitter_card":"summary_large_image","schema":{"@context":"https:\/\/schema.org","@graph":[{"@type":"WebPage","@id":"https:\/\/www.paksanmakina.com.tr\/en\/anket\/","url":"https:\/\/www.paksanmakina.com.tr\/en\/anket\/","name":"Anket | Paksan Makina","isPartOf":{"@id":"https:\/\/www.paksanmakina.com.tr\/en\/#website"},"datePublished":"2022-04-08T08:20:20+00:00","dateModified":"2022-04-08T08:23:02+00:00","breadcrumb":{"@id":"https:\/\/www.paksanmakina.com.tr\/en\/anket\/#breadcrumb"},"inLanguage":"en-US","potentialAction":[{"@type":"ReadAction","target":["https:\/\/www.paksanmakina.com.tr\/en\/anket\/"]}]},{"@type":"BreadcrumbList","@id":"https:\/\/www.paksanmakina.com.tr\/en\/anket\/#breadcrumb","itemListElement":[{"@type":"ListItem","position":1,"name":"Home","item":"https:\/\/www.paksanmakina.com.tr\/en\/"},{"@type":"ListItem","position":2,"name":"Anket"}]},{"@type":"WebSite","@id":"https:\/\/www.paksanmakina.com.tr\/en\/#website","url":"https:\/\/www.paksanmakina.com.tr\/en\/","name":"Paksan Makina","description":"en iyisini istiyorsan !","publisher":{"@id":"https:\/\/www.paksanmakina.com.tr\/en\/#organization"},"alternateName":"Paksan Makina","potentialAction":[{"@type":"SearchAction","target":{"@type":"EntryPoint","urlTemplate":"https:\/\/www.paksanmakina.com.tr\/en\/?s={search_term_string}"},"query-input":"required name=search_term_string"}],"inLanguage":"en-US"},{"@type":"Organization","@id":"https:\/\/www.paksanmakina.com.tr\/en\/#organization","name":"Paksan","alternateName":"PAKSAN MAK\u0130NA","url":"https:\/\/www.paksanmakina.com.tr\/en\/","logo":{"@type":"ImageObject","inLanguage":"en-US","@id":"https:\/\/www.paksanmakina.com.tr\/en\/#\/schema\/logo\/image\/","url":"https:\/\/www.paksanmakina.com.tr\/wp-content\/uploads\/2022\/02\/Logo_Png.png","contentUrl":"https:\/\/www.paksanmakina.com.tr\/wp-content\/uploads\/2022\/02\/Logo_Png.png","width":105,"height":105,"caption":"Paksan"},"image":{"@id":"https:\/\/www.paksanmakina.com.tr\/en\/#\/schema\/logo\/image\/"},"sameAs":["https:\/\/www.instagram.com\/paksan.makina\/","https:\/\/www.youtube.com\/channel\/UCX-RQBs37hXd-enTaXEKE1A","https:\/\/www.facebook.com\/paksanmakina\/"]}]}},"_links":{"self":[{"href":"https:\/\/www.paksanmakina.com.tr\/en\/wp-json\/wp\/v2\/pages\/9811"}],"collection":[{"href":"https:\/\/www.paksanmakina.com.tr\/en\/wp-json\/wp\/v2\/pages"}],"about":[{"href":"https:\/\/www.paksanmakina.com.tr\/en\/wp-json\/wp\/v2\/types\/page"}],"author":[{"embeddable":true,"href":"https:\/\/www.paksanmakina.com.tr\/en\/wp-json\/wp\/v2\/users\/3"}],"replies":[{"embeddable":true,"href":"https:\/\/www.paksanmakina.com.tr\/en\/wp-json\/wp\/v2\/comments?post=9811"}],"version-history":[{"count":1,"href":"https:\/\/www.paksanmakina.com.tr\/en\/wp-json\/wp\/v2\/pages\/9811\/revisions"}],"predecessor-version":[{"id":9812,"href":"https:\/\/www.paksanmakina.com.tr\/en\/wp-json\/wp\/v2\/pages\/9811\/revisions\/9812"}],"wp:attachment":[{"href":"https:\/\/www.paksanmakina.com.tr\/en\/wp-json\/wp\/v2\/media?parent=9811"}],"curies":[{"name":"wp","href":"https:\/\/api.w.org\/{rel}","templated":true}]}}