{"id":10954,"date":"2018-12-12T15:24:44","date_gmt":"2018-12-12T12:24:44","guid":{"rendered":"https:\/\/www.paksanmakina.com.tr\/paksan-hakkinda\/"},"modified":"2024-07-17T16:17:17","modified_gmt":"2024-07-17T13:17:17","slug":"quienes-somos","status":"publish","type":"page","link":"https:\/\/www.paksanmakina.com.tr\/es\/quienes-somos\/","title":{"rendered":"QUI\u00c9NES SOMOS"},"content":{"rendered":"<section class=\"l-section wpb_row height_large with_img\"><div class=\"l-section-img\" style=\"background-image: url(https:\/\/www.paksanmakina.com.tr\/wp-content\/uploads\/2019\/01\/About-2.jpg);background-repeat: no-repeat;\" data-img-width=\"2000\" data-img-height=\"1200\"><\/div><div class=\"l-section-h i-cf\"><div class=\"g-cols type_default valign_top\"><div class=\"vc_col-sm-12 wpb_column vc_column_container\"><div class=\"vc_column-inner\"><div class=\"wpb_wrapper\"><div class=\"w-separator type_invisible size_small thick_1 style_solid color_border cont_none\"><span class=\"w-separator-h\"><\/span><\/div>\r\n\t<div class=\"wpb_text_column \">\r\n\t\t<div class=\"wpb_wrapper\">\r\n\t\t\t<p><img loading=\"lazy\" decoding=\"async\" class=\"aligncenter wp-image-6647 size-full\" src=\"https:\/\/www.paksanmakina.com.tr\/wp-content\/uploads\/2019\/01\/AboutLogo.png\" alt=\"\" width=\"440\" height=\"150\" srcset=\"https:\/\/www.paksanmakina.com.tr\/wp-content\/uploads\/2019\/01\/AboutLogo.png 440w, https:\/\/www.paksanmakina.com.tr\/wp-content\/uploads\/2019\/01\/AboutLogo-300x102.png 300w\" sizes=\"(max-width: 440px) 100vw, 440px\" \/><\/p>\n\r\n\t\t<\/div>\r\n\t<\/div>\r\n<\/div><\/div><\/div><\/div><\/div><\/section><section class=\"l-section wpb_row height_small with_img\" id=\"intro\"><div class=\"l-section-img\" style=\"background-image: url(https:\/\/www.paksanmakina.com.tr\/wp-content\/uploads\/2019\/01\/paksan1-1.png);background-position: center right;background-repeat: no-repeat;background-size: initial;\" data-img-width=\"799\" data-img-height=\"287\"><\/div><div class=\"l-section-h i-cf\"><div class=\"g-cols type_default valign_top\"><div class=\"vc_col-sm-12 wpb_column vc_column_container\"><div class=\"vc_column-inner\"><div class=\"wpb_wrapper\"><div class=\"w-separator type_invisible size_small thick_1 style_solid color_border cont_none\"><span class=\"w-separator-h\"><\/span><\/div><div class=\"g-cols wpb_row type_default valign_top vc_inner \"><div class=\"vc_col-sm-3 wpb_column vc_column_container\"><div class=\"vc_column-inner\"><div class=\"wpb_wrapper\">\r\n\t<div class=\"wpb_text_column \">\r\n\t\t<div class=\"wpb_wrapper\">\r\n\t\t\t<h4 style=\"text-align: left;\"><strong>Exportando a 6 continentes, Paksan contin\u00faa sus inversiones en Turqu\u00eda y en el mundo sin disminuir su ritmo.<\/strong><\/h4>\n\r\n\t\t<\/div>\r\n\t<\/div>\r\n<\/div><\/div><\/div><div class=\"vc_col-sm-9 wpb_column vc_column_container\"><div class=\"vc_column-inner\"><div class=\"wpb_wrapper\">\r\n\t<div class=\"wpb_text_column \">\r\n\t\t<div class=\"wpb_wrapper\">\r\n\t\t\t<h6><strong>PAKSAN MAK\u0130NA SANAY\u0130 VE T\u0130CARET A.\u015e.<\/strong><\/h6>\n<p>Fundada en 1970 por \u00d6zhan Pak y sus socios con el objetivo de producir m\u00e1quinas no disponibles en Turqu\u00eda, PAKSAN es hoy uno de los fabricantes de empacadoras m\u00e1s importantes de Turqu\u00eda y del mundo.<\/p>\n<p>PAKSAN fabrica m\u00e1quinas de categor\u00eda mundial utilizando instalaciones de \u00faltima tecnolog\u00eda como robots, modernas m\u00e1quinas CNC, m\u00e1quinas de corte por l\u00e1ser de \u00faltima generaci\u00f3n y los programas de dibujo m\u00e1s avanzados en sus instalaciones de producci\u00f3n con una superficie total cerrada de 21.000 m2 y una superficie total de 62.000 m2.<\/p>\n<p>PAKSAN sigue desarrollando d\u00eda a d\u00eda su gama de productos. Adem\u00e1s de la producci\u00f3n de empacadoras prism\u00e1ticas, tambi\u00e9n ha a\u00f1adido empacadoras de gran tama\u00f1o, mezcladoras de pienso horizontales y verticales, segadoras y envasadoras de ensilado, m\u00e1quinas para el laboreo del suelo, que son producidas por muy pocas empresas en el mundo. Gracias a su amplia red de distribuidores y servicios en toda Turqu\u00eda, Paksan puede llegar a todos sus clientes de este a oeste, de norte a sur en el menor tiempo posible. Paksan ha logrado exportar sus productos a muchos pa\u00edses en 6 continentes en poco tiempo con el ataque que ha iniciado recientemente.<\/p>\n\r\n\t\t<\/div>\r\n\t<\/div>\r\n<\/div><\/div><\/div><\/div><div class=\"w-separator type_invisible size_small thick_1 style_solid color_border cont_none\"><span class=\"w-separator-h\"><\/span><\/div><div class=\"w-separator type_default size_small thick_1 style_solid color_border cont_icon\"><span class=\"w-separator-h\"><i class=\"fa fa-cogs\"><\/i><\/span><\/div><\/div><\/div><\/div><\/div><\/div><\/section><section class=\"l-section wpb_row height_auto\" id=\"history\"><div class=\"l-section-h i-cf\"><div class=\"g-cols type_default valign_top\"><div class=\"vc_col-sm-3 wpb_column vc_column_container\"><div class=\"vc_column-inner\"><div class=\"wpb_wrapper\">\r\n\t<div class=\"wpb_text_column \">\r\n\t\t<div class=\"wpb_wrapper\">\r\n\t\t\t<h4 style=\"text-align: left;\"><strong>Descubra nuestra tecnolog\u00eda<\/strong><\/h4>\n\r\n\t\t<\/div>\r\n\t<\/div>\r\n<\/div><\/div><\/div><div class=\"vc_col-sm-9 wpb_column vc_column_container\"><div class=\"vc_column-inner\"><div class=\"wpb_wrapper\"><div class=\"g-cols wpb_row type_default valign_top vc_inner \"><div class=\"vc_col-sm-6 wpb_column vc_column_container\"><div class=\"vc_column-inner\"><div class=\"wpb_wrapper\">\r\n\t<div class=\"wpb_text_column \">\r\n\t\t<div class=\"wpb_wrapper\">\r\n\t\t\t<p>Paksan concede gran importancia a las actividades de investigaci\u00f3n y desarrollo con el fin de aumentar la satisfacci\u00f3n del cliente en sus productos, para producir m\u00e1quinas sin problemas, duraderas y potentes, para reducir la producci\u00f3n y el coste, y para utilizar las nuevas tecnolog\u00edas aplicables. Con el fin de ofrecer productos y servicios excelentes a sus clientes, sigue invirtiendo sin pausa para utilizar los \u00faltimos avances tecnol\u00f3gicos en la producci\u00f3n y emplear<\/p>\n\r\n\t\t<\/div>\r\n\t<\/div>\r\n<\/div><\/div><\/div><div class=\"vc_col-sm-6 wpb_column vc_column_container\"><div class=\"vc_column-inner\"><div class=\"wpb_wrapper\">\r\n\t<div class=\"wpb_text_column \">\r\n\t\t<div class=\"wpb_wrapper\">\r\n\t\t\t<p>en todos los trabajos programas inform\u00e1ticos de tratamiento de la informaci\u00f3n actualizados y reconocidos. Dispone de una amplia gama de m\u00e1quinas como centros de mecanizado horizontales y verticales, tornos CNC y semiautom\u00e1ticos, fresadoras, brochadoras, fresadoras, soldadoras robotizadas, robots abgand, corte por l\u00e1ser CNC, prensas exc\u00e9ntricas e hidr\u00e1ulicas en sus instalaciones de producci\u00f3n de 26.000 m2 en total.<\/p>\n\r\n\t\t<\/div>\r\n\t<\/div>\r\n<\/div><\/div><\/div><\/div><\/div><\/div><\/div><\/div><\/div><\/section>\n","protected":false},"excerpt":{"rendered":"Exportando a 6 continentes, Paksan contin\u00faa sus inversiones en Turqu\u00eda y en el mundo sin disminuir su ritmo. PAKSAN MAK\u0130NA SANAY\u0130 VE T\u0130CARET A.\u015e. Fundada en 1970 por \u00d6zhan Pak y sus socios con el objetivo de producir m\u00e1quinas no disponibles en Turqu\u00eda, PAKSAN es hoy uno de los fabricantes de empacadoras m\u00e1s importantes de...","protected":false},"author":1,"featured_media":0,"parent":0,"menu_order":0,"comment_status":"closed","ping_status":"closed","template":"","meta":{"footnotes":""},"yoast_head":"<!-- This site is optimized with the Yoast SEO plugin v20.0 - https:\/\/yoast.com\/wordpress\/plugins\/seo\/ -->\n<title>QUI\u00c9NES SOMOS | Paksan Makina<\/title>\n<meta name=\"description\" content=\"Paksan Makina 1970\u2019ten beri Balya Makinalar\u0131, Yem Karma Makinalar\u0131, Silaj Makinalar\u0131, \u00c7ay\u0131r Bi\u00e7me ve Ot Toplama Ekipmanlar\u0131, Rotovat\u00f6rler \u00fcreten ve 6 k\u0131taya ihra\u00e7 eden k\u00f6kl\u00fc bir \u015firkettir\" \/>\n<meta name=\"robots\" content=\"index, follow, max-snippet:-1, max-image-preview:large, max-video-preview:-1\" \/>\n<link rel=\"canonical\" href=\"https:\/\/www.paksanmakina.com.tr\/es\/quienes-somos\/\" \/>\n<meta property=\"og:locale\" content=\"es_ES\" \/>\n<meta property=\"og:type\" content=\"article\" \/>\n<meta property=\"og:title\" content=\"QUI\u00c9NES SOMOS | Paksan Makina\" \/>\n<meta property=\"og:description\" content=\"Paksan Makina 1970\u2019ten beri Balya Makinalar\u0131, Yem Karma Makinalar\u0131, Silaj Makinalar\u0131, \u00c7ay\u0131r Bi\u00e7me ve Ot Toplama Ekipmanlar\u0131, Rotovat\u00f6rler \u00fcreten ve 6 k\u0131taya ihra\u00e7 eden k\u00f6kl\u00fc bir \u015firkettir\" \/>\n<meta property=\"og:url\" content=\"https:\/\/www.paksanmakina.com.tr\/es\/quienes-somos\/\" \/>\n<meta property=\"og:site_name\" content=\"Paksan Makina\" \/>\n<meta property=\"article:publisher\" content=\"https:\/\/www.facebook.com\/paksanmakina\/\" \/>\n<meta property=\"article:modified_time\" content=\"2024-07-17T13:17:17+00:00\" \/>\n<meta property=\"og:image\" content=\"https:\/\/www.paksanmakina.com.tr\/wp-content\/uploads\/2019\/01\/AboutLogo.png\" \/>\n<meta name=\"twitter:card\" content=\"summary_large_image\" \/>\n<meta name=\"twitter:label1\" content=\"Tiempo de lectura\" \/>\n\t<meta name=\"twitter:data1\" content=\"3 minutos\" \/>\n<script type=\"application\/ld+json\" class=\"yoast-schema-graph\">{\"@context\":\"https:\/\/schema.org\",\"@graph\":[{\"@type\":\"WebPage\",\"@id\":\"https:\/\/www.paksanmakina.com.tr\/es\/quienes-somos\/\",\"url\":\"https:\/\/www.paksanmakina.com.tr\/es\/quienes-somos\/\",\"name\":\"QUI\u00c9NES SOMOS | Paksan Makina\",\"isPartOf\":{\"@id\":\"https:\/\/www.paksanmakina.com.tr\/es\/#website\"},\"datePublished\":\"2018-12-12T12:24:44+00:00\",\"dateModified\":\"2024-07-17T13:17:17+00:00\",\"description\":\"Paksan Makina 1970\u2019ten beri Balya Makinalar\u0131, Yem Karma Makinalar\u0131, Silaj Makinalar\u0131, \u00c7ay\u0131r Bi\u00e7me ve Ot Toplama Ekipmanlar\u0131, Rotovat\u00f6rler \u00fcreten ve 6 k\u0131taya ihra\u00e7 eden k\u00f6kl\u00fc bir \u015firkettir\",\"breadcrumb\":{\"@id\":\"https:\/\/www.paksanmakina.com.tr\/es\/quienes-somos\/#breadcrumb\"},\"inLanguage\":\"es\",\"potentialAction\":[{\"@type\":\"ReadAction\",\"target\":[\"https:\/\/www.paksanmakina.com.tr\/es\/quienes-somos\/\"]}]},{\"@type\":\"BreadcrumbList\",\"@id\":\"https:\/\/www.paksanmakina.com.tr\/es\/quienes-somos\/#breadcrumb\",\"itemListElement\":[{\"@type\":\"ListItem\",\"position\":1,\"name\":\"Home\",\"item\":\"https:\/\/www.paksanmakina.com.tr\/es\/\"},{\"@type\":\"ListItem\",\"position\":2,\"name\":\"QUI\u00c9NES SOMOS\"}]},{\"@type\":\"WebSite\",\"@id\":\"https:\/\/www.paksanmakina.com.tr\/es\/#website\",\"url\":\"https:\/\/www.paksanmakina.com.tr\/es\/\",\"name\":\"Paksan Makina\",\"description\":\"en iyisini istiyorsan !\",\"publisher\":{\"@id\":\"https:\/\/www.paksanmakina.com.tr\/es\/#organization\"},\"alternateName\":\"Paksan Makina\",\"potentialAction\":[{\"@type\":\"SearchAction\",\"target\":{\"@type\":\"EntryPoint\",\"urlTemplate\":\"https:\/\/www.paksanmakina.com.tr\/es\/?s={search_term_string}\"},\"query-input\":\"required name=search_term_string\"}],\"inLanguage\":\"es\"},{\"@type\":\"Organization\",\"@id\":\"https:\/\/www.paksanmakina.com.tr\/es\/#organization\",\"name\":\"Paksan\",\"alternateName\":\"PAKSAN MAK\u0130NA\",\"url\":\"https:\/\/www.paksanmakina.com.tr\/es\/\",\"logo\":{\"@type\":\"ImageObject\",\"inLanguage\":\"es\",\"@id\":\"https:\/\/www.paksanmakina.com.tr\/es\/#\/schema\/logo\/image\/\",\"url\":\"https:\/\/www.paksanmakina.com.tr\/wp-content\/uploads\/2022\/02\/Logo_Png.png\",\"contentUrl\":\"https:\/\/www.paksanmakina.com.tr\/wp-content\/uploads\/2022\/02\/Logo_Png.png\",\"width\":105,\"height\":105,\"caption\":\"Paksan\"},\"image\":{\"@id\":\"https:\/\/www.paksanmakina.com.tr\/es\/#\/schema\/logo\/image\/\"},\"sameAs\":[\"https:\/\/www.instagram.com\/paksan.makina\/\",\"https:\/\/www.youtube.com\/channel\/UCX-RQBs37hXd-enTaXEKE1A\",\"https:\/\/www.facebook.com\/paksanmakina\/\"]}]}<\/script>\n<!-- \/ Yoast SEO plugin. -->","yoast_head_json":{"title":"QUI\u00c9NES SOMOS | Paksan Makina","description":"Paksan Makina 1970\u2019ten beri Balya Makinalar\u0131, Yem Karma Makinalar\u0131, Silaj Makinalar\u0131, \u00c7ay\u0131r Bi\u00e7me ve Ot Toplama Ekipmanlar\u0131, Rotovat\u00f6rler \u00fcreten ve 6 k\u0131taya ihra\u00e7 eden k\u00f6kl\u00fc bir \u015firkettir","robots":{"index":"index","follow":"follow","max-snippet":"max-snippet:-1","max-image-preview":"max-image-preview:large","max-video-preview":"max-video-preview:-1"},"canonical":"https:\/\/www.paksanmakina.com.tr\/es\/quienes-somos\/","og_locale":"es_ES","og_type":"article","og_title":"QUI\u00c9NES SOMOS | Paksan Makina","og_description":"Paksan Makina 1970\u2019ten beri Balya Makinalar\u0131, Yem Karma Makinalar\u0131, Silaj Makinalar\u0131, \u00c7ay\u0131r Bi\u00e7me ve Ot Toplama Ekipmanlar\u0131, Rotovat\u00f6rler \u00fcreten ve 6 k\u0131taya ihra\u00e7 eden k\u00f6kl\u00fc bir \u015firkettir","og_url":"https:\/\/www.paksanmakina.com.tr\/es\/quienes-somos\/","og_site_name":"Paksan Makina","article_publisher":"https:\/\/www.facebook.com\/paksanmakina\/","article_modified_time":"2024-07-17T13:17:17+00:00","og_image":[{"url":"https:\/\/www.paksanmakina.com.tr\/wp-content\/uploads\/2019\/01\/AboutLogo.png"}],"twitter_card":"summary_large_image","twitter_misc":{"Tiempo de lectura":"3 minutos"},"schema":{"@context":"https:\/\/schema.org","@graph":[{"@type":"WebPage","@id":"https:\/\/www.paksanmakina.com.tr\/es\/quienes-somos\/","url":"https:\/\/www.paksanmakina.com.tr\/es\/quienes-somos\/","name":"QUI\u00c9NES SOMOS | Paksan Makina","isPartOf":{"@id":"https:\/\/www.paksanmakina.com.tr\/es\/#website"},"datePublished":"2018-12-12T12:24:44+00:00","dateModified":"2024-07-17T13:17:17+00:00","description":"Paksan Makina 1970\u2019ten beri Balya Makinalar\u0131, Yem Karma Makinalar\u0131, Silaj Makinalar\u0131, \u00c7ay\u0131r Bi\u00e7me ve Ot Toplama Ekipmanlar\u0131, Rotovat\u00f6rler \u00fcreten ve 6 k\u0131taya ihra\u00e7 eden k\u00f6kl\u00fc bir \u015firkettir","breadcrumb":{"@id":"https:\/\/www.paksanmakina.com.tr\/es\/quienes-somos\/#breadcrumb"},"inLanguage":"es","potentialAction":[{"@type":"ReadAction","target":["https:\/\/www.paksanmakina.com.tr\/es\/quienes-somos\/"]}]},{"@type":"BreadcrumbList","@id":"https:\/\/www.paksanmakina.com.tr\/es\/quienes-somos\/#breadcrumb","itemListElement":[{"@type":"ListItem","position":1,"name":"Home","item":"https:\/\/www.paksanmakina.com.tr\/es\/"},{"@type":"ListItem","position":2,"name":"QUI\u00c9NES SOMOS"}]},{"@type":"WebSite","@id":"https:\/\/www.paksanmakina.com.tr\/es\/#website","url":"https:\/\/www.paksanmakina.com.tr\/es\/","name":"Paksan Makina","description":"en iyisini istiyorsan !","publisher":{"@id":"https:\/\/www.paksanmakina.com.tr\/es\/#organization"},"alternateName":"Paksan Makina","potentialAction":[{"@type":"SearchAction","target":{"@type":"EntryPoint","urlTemplate":"https:\/\/www.paksanmakina.com.tr\/es\/?s={search_term_string}"},"query-input":"required name=search_term_string"}],"inLanguage":"es"},{"@type":"Organization","@id":"https:\/\/www.paksanmakina.com.tr\/es\/#organization","name":"Paksan","alternateName":"PAKSAN MAK\u0130NA","url":"https:\/\/www.paksanmakina.com.tr\/es\/","logo":{"@type":"ImageObject","inLanguage":"es","@id":"https:\/\/www.paksanmakina.com.tr\/es\/#\/schema\/logo\/image\/","url":"https:\/\/www.paksanmakina.com.tr\/wp-content\/uploads\/2022\/02\/Logo_Png.png","contentUrl":"https:\/\/www.paksanmakina.com.tr\/wp-content\/uploads\/2022\/02\/Logo_Png.png","width":105,"height":105,"caption":"Paksan"},"image":{"@id":"https:\/\/www.paksanmakina.com.tr\/es\/#\/schema\/logo\/image\/"},"sameAs":["https:\/\/www.instagram.com\/paksan.makina\/","https:\/\/www.youtube.com\/channel\/UCX-RQBs37hXd-enTaXEKE1A","https:\/\/www.facebook.com\/paksanmakina\/"]}]}},"_links":{"self":[{"href":"https:\/\/www.paksanmakina.com.tr\/es\/wp-json\/wp\/v2\/pages\/10954"}],"collection":[{"href":"https:\/\/www.paksanmakina.com.tr\/es\/wp-json\/wp\/v2\/pages"}],"about":[{"href":"https:\/\/www.paksanmakina.com.tr\/es\/wp-json\/wp\/v2\/types\/page"}],"author":[{"embeddable":true,"href":"https:\/\/www.paksanmakina.com.tr\/es\/wp-json\/wp\/v2\/users\/1"}],"replies":[{"embeddable":true,"href":"https:\/\/www.paksanmakina.com.tr\/es\/wp-json\/wp\/v2\/comments?post=10954"}],"version-history":[{"count":3,"href":"https:\/\/www.paksanmakina.com.tr\/es\/wp-json\/wp\/v2\/pages\/10954\/revisions"}],"predecessor-version":[{"id":11441,"href":"https:\/\/www.paksanmakina.com.tr\/es\/wp-json\/wp\/v2\/pages\/10954\/revisions\/11441"}],"wp:attachment":[{"href":"https:\/\/www.paksanmakina.com.tr\/es\/wp-json\/wp\/v2\/media?parent=10954"}],"curies":[{"name":"wp","href":"https:\/\/api.w.org\/{rel}","templated":true}]}}