{"id":10967,"date":"2019-10-03T17:54:33","date_gmt":"2019-10-03T14:54:33","guid":{"rendered":"https:\/\/www.paksanmakina.com.tr\/kalite-politikamiz\/"},"modified":"2024-07-15T16:23:04","modified_gmt":"2024-07-15T13:23:04","slug":"nuestra-politica-de-calidad","status":"publish","type":"page","link":"https:\/\/www.paksanmakina.com.tr\/es\/nuestra-politica-de-calidad\/","title":{"rendered":"NUESTRA POL\u00cdTICA DE CALIDAD"},"content":{"rendered":"<section class=\"l-section wpb_row height_medium\"><div class=\"l-section-h i-cf\"><div class=\"g-cols type_default valign_top\"><div class=\"vc_col-sm-12 wpb_column vc_column_container\"><div class=\"vc_column-inner\"><div class=\"wpb_wrapper\"><div class=\"w-separator type_invisible size_medium thick_1 style_solid color_border cont_none\"><span class=\"w-separator-h\"><\/span><\/div><div class=\"g-cols wpb_row type_default valign_top vc_inner \"><div class=\"vc_col-sm-12 wpb_column vc_column_container\"><div class=\"vc_column-inner\"><div class=\"wpb_wrapper\">\r\n\t<div class=\"wpb_text_column \">\r\n\t\t<div class=\"wpb_wrapper\">\r\n\t\t\t<h6 style=\"text-align: center;\"><b>POL\u00cdTICA INTEGRADA<\/b><\/h6>\n\r\n\t\t<\/div>\r\n\t<\/div>\r\n<div class=\"w-separator type_default size_small thick_1 style_solid color_border cont_none\"><span class=\"w-separator-h\"><\/span><\/div><\/div><\/div><\/div><\/div><div class=\"g-cols wpb_row type_default valign_top vc_inner \"><div class=\"vc_col-sm-3 wpb_column vc_column_container\"><div class=\"vc_column-inner\"><div class=\"wpb_wrapper\">\r\n\t<div class=\"wpb_text_column \">\r\n\t\t<div class=\"wpb_wrapper\">\r\n\t\t\t<p style=\"text-align: center;\"><strong>N\u00famero de documento<\/strong><\/p>\n\r\n\t\t<\/div>\r\n\t<\/div>\r\n\r\n\t<div class=\"wpb_text_column \">\r\n\t\t<div class=\"wpb_wrapper\">\r\n\t\t\t<p style=\"text-align: center;\">PK.POL.01<\/p>\n\r\n\t\t<\/div>\r\n\t<\/div>\r\n<\/div><\/div><\/div><div class=\"vc_col-sm-3 wpb_column vc_column_container\"><div class=\"vc_column-inner\"><div class=\"wpb_wrapper\">\r\n\t<div class=\"wpb_text_column \">\r\n\t\t<div class=\"wpb_wrapper\">\r\n\t\t\t<p style=\"text-align: center;\"><strong>Fecha de primera publicaci\u00f3n<\/strong><\/p>\n\r\n\t\t<\/div>\r\n\t<\/div>\r\n\r\n\t<div class=\"wpb_text_column \">\r\n\t\t<div class=\"wpb_wrapper\">\r\n\t\t\t<p style=\"text-align: center;\">31.03.2021<\/p>\n\r\n\t\t<\/div>\r\n\t<\/div>\r\n<\/div><\/div><\/div><div class=\"vc_col-sm-3 wpb_column vc_column_container\"><div class=\"vc_column-inner\"><div class=\"wpb_wrapper\">\r\n\t<div class=\"wpb_text_column \">\r\n\t\t<div class=\"wpb_wrapper\">\r\n\t\t\t<p style=\"text-align: center;\"><strong>N\u00famero de revisi\u00f3n<\/strong><\/p>\n\r\n\t\t<\/div>\r\n\t<\/div>\r\n\r\n\t<div class=\"wpb_text_column \">\r\n\t\t<div class=\"wpb_wrapper\">\r\n\t\t\t<p style=\"text-align: center;\">01<\/p>\n\r\n\t\t<\/div>\r\n\t<\/div>\r\n<\/div><\/div><\/div><div class=\"vc_col-sm-3 wpb_column vc_column_container\"><div class=\"vc_column-inner\"><div class=\"wpb_wrapper\">\r\n\t<div class=\"wpb_text_column \">\r\n\t\t<div class=\"wpb_wrapper\">\r\n\t\t\t<p style=\"text-align: center;\"><strong>Fecha de revisi\u00f3n<\/strong><\/p>\n\r\n\t\t<\/div>\r\n\t<\/div>\r\n\r\n\t<div class=\"wpb_text_column \">\r\n\t\t<div class=\"wpb_wrapper\">\r\n\t\t\t<p style=\"text-align: center;\">15.03.2022<\/p>\n\r\n\t\t<\/div>\r\n\t<\/div>\r\n<\/div><\/div><\/div><\/div><div class=\"w-separator type_default size_small thick_1 style_solid color_border cont_none\"><span class=\"w-separator-h\"><\/span><\/div><div class=\"w-separator type_invisible size_medium thick_1 style_solid color_border cont_none\"><span class=\"w-separator-h\"><\/span><\/div><div class=\"g-cols wpb_row type_default valign_top vc_inner \"><div class=\"vc_col-sm-12 wpb_column vc_column_container\"><div class=\"vc_column-inner\"><div class=\"wpb_wrapper\">\r\n\t<div class=\"wpb_text_column \">\r\n\t\t<div class=\"wpb_wrapper\">\r\n\t\t\t<h6 style=\"text-align: center;\"><strong>Nuestra organizaci\u00f3n;<\/strong><\/h6>\n\r\n\t\t<\/div>\r\n\t<\/div>\r\n<\/div><\/div><\/div><\/div><div class=\"w-separator type_invisible size_medium thick_1 style_solid color_border cont_none\"><span class=\"w-separator-h\"><\/span><\/div><div class=\"g-cols wpb_row type_default valign_top vc_inner \"><div class=\"vc_col-sm-12 wpb_column vc_column_container\"><div class=\"vc_column-inner\"><div class=\"wpb_wrapper\">\r\n\t<div class=\"wpb_text_column \">\r\n\t\t<div class=\"wpb_wrapper\">\r\n\t\t\t<p>&#8211; Documentaci\u00f3n, certificaci\u00f3n y mejora continua de nuestro sistema de gesti\u00f3n para cumplir los requisitos de las normas ISO 9001, ISO 27001 e ISO 45001,<\/p>\n<p>&#8211; Alcanzar los objetivos de la empresa y de la unidad con esp\u00edritu de equipo, bas\u00e1ndose en la filosof\u00eda de Calidad Total y adoptando la satisfacci\u00f3n del cliente,<\/p>\n<p>&#8211; Revisar los procesos empresariales mediante el proceso de autoevaluaci\u00f3n e identificar enfoques preventivos para mejorar el rendimiento,<\/p>\n<p>&#8211; Garantizar la eliminaci\u00f3n de los riesgos para la salud y la seguridad en el trabajo tomando precauciones por adelantado,<\/p>\n<p>&#8211; Impartir formaci\u00f3n para garantizar que tanto el personal directo de la empresa como los empleados subcontratados sean conscientes de sus responsabilidades individuales en materia de salud y seguridad en el trabajo,<\/p>\n<p>&#8211; Revisar peri\u00f3dicamente la Pol\u00edtica Integrada para mantener el cumplimiento de los requisitos,<\/p>\n<p>&#8211; Es responsabilidad de nuestra alta direcci\u00f3n garantizar el cumplimiento de las leyes, reglamentos y normas aplicables en materia de calidad, seguridad de la informaci\u00f3n y salud y seguridad en el trabajo,<\/p>\n<p>&#8211; Adoptando la filosof\u00eda de la mejora continua; para maximizar tanto la formaci\u00f3n como el proceso de producci\u00f3n a la luz de los avances tecnol\u00f3gicos, en consecuencia, para garantizar la satisfacci\u00f3n continua del cliente, esta estructura es uno de nuestros principios rectores en t\u00e9rminos de calidad, seguridad de la informaci\u00f3n y salud y seguridad en el trabajo,<\/p>\n<p>&#8211; Crear la infraestructura y el entorno de trabajo necesarios teniendo en cuenta los riesgos para los activos de informaci\u00f3n,<\/p>\n<p>&#8211; Gestionar sistem\u00e1ticamente los riesgos para los activos de informaci\u00f3n, realizar formaciones para desarrollar competencias t\u00e9cnicas y de comportamiento con el fin de aumentar la concienciaci\u00f3n sobre la seguridad de la informaci\u00f3n,<\/p>\n<p>&#8211; Fomentar enfoques innovadores y creativos, gestionar actividades para llevar a cabo formaciones que aumenten las competencias t\u00e9cnicas y de comportamiento, y trabajar con todas sus fuerzas para ser una instituci\u00f3n ejemplar que lidere el sector en t\u00e9rminos de calidad,<\/p>\n\r\n\t\t<\/div>\r\n\t<\/div>\r\n<div class=\"w-separator type_invisible size_medium thick_1 style_solid color_border cont_none\"><span class=\"w-separator-h\"><\/span><\/div><\/div><\/div><\/div><\/div><div class=\"g-cols wpb_row type_default valign_top vc_inner \"><div class=\"vc_col-sm-12 wpb_column vc_column_container\"><div class=\"vc_column-inner\"><div class=\"wpb_wrapper\">\r\n\t<div class=\"wpb_text_column \">\r\n\t\t<div class=\"wpb_wrapper\">\r\n\t\t\t<h6 style=\"text-align: center;\"><strong>COMPROMISO<\/strong><\/h6>\n\r\n\t\t<\/div>\r\n\t<\/div>\r\n\r\n\t<div class=\"wpb_text_column \">\r\n\t\t<div class=\"wpb_wrapper\">\r\n\t\t\t<p style=\"text-align: center;\"><strong>CONFIRMACI\u00d3N<\/strong><br \/>\n26.03.2019<\/p>\n\r\n\t\t<\/div>\r\n\t<\/div>\r\n<\/div><\/div><\/div><\/div><div class=\"w-separator type_invisible size_medium thick_1 style_solid color_border cont_none\"><span class=\"w-separator-h\"><\/span><\/div><\/div><\/div><\/div><\/div><\/div><\/section>\n","protected":false},"excerpt":{"rendered":"POL\u00cdTICA INTEGRADA N\u00famero de documento PK.POL.01 Fecha de primera publicaci\u00f3n 31.03.2021 N\u00famero de revisi\u00f3n 01 Fecha de revisi\u00f3n 15.03.2022 Nuestra organizaci\u00f3n; - Documentaci\u00f3n, certificaci\u00f3n y mejora continua de nuestro sistema de gesti\u00f3n para cumplir los requisitos de las normas ISO 9001, ISO 27001 e ISO 45001, - Alcanzar los objetivos de la empresa y de...","protected":false},"author":2,"featured_media":0,"parent":0,"menu_order":0,"comment_status":"closed","ping_status":"closed","template":"","meta":{"footnotes":""},"yoast_head":"<!-- This site is optimized with the Yoast SEO plugin v20.0 - https:\/\/yoast.com\/wordpress\/plugins\/seo\/ -->\n<title>NUESTRA POL\u00cdTICA DE CALIDAD | Paksan Makina<\/title>\n<meta name=\"robots\" content=\"index, follow, max-snippet:-1, max-image-preview:large, max-video-preview:-1\" \/>\n<link rel=\"canonical\" href=\"https:\/\/www.paksanmakina.com.tr\/es\/nuestra-politica-de-calidad\/\" \/>\n<meta property=\"og:locale\" content=\"es_ES\" \/>\n<meta property=\"og:type\" content=\"article\" \/>\n<meta property=\"og:title\" content=\"NUESTRA POL\u00cdTICA DE CALIDAD | Paksan Makina\" \/>\n<meta property=\"og:url\" content=\"https:\/\/www.paksanmakina.com.tr\/es\/nuestra-politica-de-calidad\/\" \/>\n<meta property=\"og:site_name\" content=\"Paksan Makina\" \/>\n<meta property=\"article:publisher\" content=\"https:\/\/www.facebook.com\/paksanmakina\/\" \/>\n<meta property=\"article:modified_time\" content=\"2024-07-15T13:23:04+00:00\" \/>\n<meta name=\"twitter:card\" content=\"summary_large_image\" \/>\n<meta name=\"twitter:label1\" content=\"Tiempo de lectura\" \/>\n\t<meta name=\"twitter:data1\" content=\"3 minutos\" \/>\n<script type=\"application\/ld+json\" class=\"yoast-schema-graph\">{\"@context\":\"https:\/\/schema.org\",\"@graph\":[{\"@type\":\"WebPage\",\"@id\":\"https:\/\/www.paksanmakina.com.tr\/es\/nuestra-politica-de-calidad\/\",\"url\":\"https:\/\/www.paksanmakina.com.tr\/es\/nuestra-politica-de-calidad\/\",\"name\":\"NUESTRA POL\u00cdTICA DE CALIDAD | Paksan Makina\",\"isPartOf\":{\"@id\":\"https:\/\/www.paksanmakina.com.tr\/es\/#website\"},\"datePublished\":\"2019-10-03T14:54:33+00:00\",\"dateModified\":\"2024-07-15T13:23:04+00:00\",\"breadcrumb\":{\"@id\":\"https:\/\/www.paksanmakina.com.tr\/es\/nuestra-politica-de-calidad\/#breadcrumb\"},\"inLanguage\":\"es\",\"potentialAction\":[{\"@type\":\"ReadAction\",\"target\":[\"https:\/\/www.paksanmakina.com.tr\/es\/nuestra-politica-de-calidad\/\"]}]},{\"@type\":\"BreadcrumbList\",\"@id\":\"https:\/\/www.paksanmakina.com.tr\/es\/nuestra-politica-de-calidad\/#breadcrumb\",\"itemListElement\":[{\"@type\":\"ListItem\",\"position\":1,\"name\":\"Home\",\"item\":\"https:\/\/www.paksanmakina.com.tr\/es\/\"},{\"@type\":\"ListItem\",\"position\":2,\"name\":\"NUESTRA POL\u00cdTICA DE CALIDAD\"}]},{\"@type\":\"WebSite\",\"@id\":\"https:\/\/www.paksanmakina.com.tr\/es\/#website\",\"url\":\"https:\/\/www.paksanmakina.com.tr\/es\/\",\"name\":\"Paksan Makina\",\"description\":\"en iyisini istiyorsan !\",\"publisher\":{\"@id\":\"https:\/\/www.paksanmakina.com.tr\/es\/#organization\"},\"alternateName\":\"Paksan Makina\",\"potentialAction\":[{\"@type\":\"SearchAction\",\"target\":{\"@type\":\"EntryPoint\",\"urlTemplate\":\"https:\/\/www.paksanmakina.com.tr\/es\/?s={search_term_string}\"},\"query-input\":\"required name=search_term_string\"}],\"inLanguage\":\"es\"},{\"@type\":\"Organization\",\"@id\":\"https:\/\/www.paksanmakina.com.tr\/es\/#organization\",\"name\":\"Paksan\",\"alternateName\":\"PAKSAN MAK\u0130NA\",\"url\":\"https:\/\/www.paksanmakina.com.tr\/es\/\",\"logo\":{\"@type\":\"ImageObject\",\"inLanguage\":\"es\",\"@id\":\"https:\/\/www.paksanmakina.com.tr\/es\/#\/schema\/logo\/image\/\",\"url\":\"https:\/\/www.paksanmakina.com.tr\/wp-content\/uploads\/2022\/02\/Logo_Png.png\",\"contentUrl\":\"https:\/\/www.paksanmakina.com.tr\/wp-content\/uploads\/2022\/02\/Logo_Png.png\",\"width\":105,\"height\":105,\"caption\":\"Paksan\"},\"image\":{\"@id\":\"https:\/\/www.paksanmakina.com.tr\/es\/#\/schema\/logo\/image\/\"},\"sameAs\":[\"https:\/\/www.instagram.com\/paksan.makina\/\",\"https:\/\/www.youtube.com\/channel\/UCX-RQBs37hXd-enTaXEKE1A\",\"https:\/\/www.facebook.com\/paksanmakina\/\"]}]}<\/script>\n<!-- \/ Yoast SEO plugin. -->","yoast_head_json":{"title":"NUESTRA POL\u00cdTICA DE CALIDAD | Paksan Makina","robots":{"index":"index","follow":"follow","max-snippet":"max-snippet:-1","max-image-preview":"max-image-preview:large","max-video-preview":"max-video-preview:-1"},"canonical":"https:\/\/www.paksanmakina.com.tr\/es\/nuestra-politica-de-calidad\/","og_locale":"es_ES","og_type":"article","og_title":"NUESTRA POL\u00cdTICA DE CALIDAD | Paksan Makina","og_url":"https:\/\/www.paksanmakina.com.tr\/es\/nuestra-politica-de-calidad\/","og_site_name":"Paksan Makina","article_publisher":"https:\/\/www.facebook.com\/paksanmakina\/","article_modified_time":"2024-07-15T13:23:04+00:00","twitter_card":"summary_large_image","twitter_misc":{"Tiempo de lectura":"3 minutos"},"schema":{"@context":"https:\/\/schema.org","@graph":[{"@type":"WebPage","@id":"https:\/\/www.paksanmakina.com.tr\/es\/nuestra-politica-de-calidad\/","url":"https:\/\/www.paksanmakina.com.tr\/es\/nuestra-politica-de-calidad\/","name":"NUESTRA POL\u00cdTICA DE CALIDAD | Paksan Makina","isPartOf":{"@id":"https:\/\/www.paksanmakina.com.tr\/es\/#website"},"datePublished":"2019-10-03T14:54:33+00:00","dateModified":"2024-07-15T13:23:04+00:00","breadcrumb":{"@id":"https:\/\/www.paksanmakina.com.tr\/es\/nuestra-politica-de-calidad\/#breadcrumb"},"inLanguage":"es","potentialAction":[{"@type":"ReadAction","target":["https:\/\/www.paksanmakina.com.tr\/es\/nuestra-politica-de-calidad\/"]}]},{"@type":"BreadcrumbList","@id":"https:\/\/www.paksanmakina.com.tr\/es\/nuestra-politica-de-calidad\/#breadcrumb","itemListElement":[{"@type":"ListItem","position":1,"name":"Home","item":"https:\/\/www.paksanmakina.com.tr\/es\/"},{"@type":"ListItem","position":2,"name":"NUESTRA POL\u00cdTICA DE CALIDAD"}]},{"@type":"WebSite","@id":"https:\/\/www.paksanmakina.com.tr\/es\/#website","url":"https:\/\/www.paksanmakina.com.tr\/es\/","name":"Paksan Makina","description":"en iyisini istiyorsan !","publisher":{"@id":"https:\/\/www.paksanmakina.com.tr\/es\/#organization"},"alternateName":"Paksan Makina","potentialAction":[{"@type":"SearchAction","target":{"@type":"EntryPoint","urlTemplate":"https:\/\/www.paksanmakina.com.tr\/es\/?s={search_term_string}"},"query-input":"required name=search_term_string"}],"inLanguage":"es"},{"@type":"Organization","@id":"https:\/\/www.paksanmakina.com.tr\/es\/#organization","name":"Paksan","alternateName":"PAKSAN MAK\u0130NA","url":"https:\/\/www.paksanmakina.com.tr\/es\/","logo":{"@type":"ImageObject","inLanguage":"es","@id":"https:\/\/www.paksanmakina.com.tr\/es\/#\/schema\/logo\/image\/","url":"https:\/\/www.paksanmakina.com.tr\/wp-content\/uploads\/2022\/02\/Logo_Png.png","contentUrl":"https:\/\/www.paksanmakina.com.tr\/wp-content\/uploads\/2022\/02\/Logo_Png.png","width":105,"height":105,"caption":"Paksan"},"image":{"@id":"https:\/\/www.paksanmakina.com.tr\/es\/#\/schema\/logo\/image\/"},"sameAs":["https:\/\/www.instagram.com\/paksan.makina\/","https:\/\/www.youtube.com\/channel\/UCX-RQBs37hXd-enTaXEKE1A","https:\/\/www.facebook.com\/paksanmakina\/"]}]}},"_links":{"self":[{"href":"https:\/\/www.paksanmakina.com.tr\/es\/wp-json\/wp\/v2\/pages\/10967"}],"collection":[{"href":"https:\/\/www.paksanmakina.com.tr\/es\/wp-json\/wp\/v2\/pages"}],"about":[{"href":"https:\/\/www.paksanmakina.com.tr\/es\/wp-json\/wp\/v2\/types\/page"}],"author":[{"embeddable":true,"href":"https:\/\/www.paksanmakina.com.tr\/es\/wp-json\/wp\/v2\/users\/2"}],"replies":[{"embeddable":true,"href":"https:\/\/www.paksanmakina.com.tr\/es\/wp-json\/wp\/v2\/comments?post=10967"}],"version-history":[{"count":3,"href":"https:\/\/www.paksanmakina.com.tr\/es\/wp-json\/wp\/v2\/pages\/10967\/revisions"}],"predecessor-version":[{"id":10976,"href":"https:\/\/www.paksanmakina.com.tr\/es\/wp-json\/wp\/v2\/pages\/10967\/revisions\/10976"}],"wp:attachment":[{"href":"https:\/\/www.paksanmakina.com.tr\/es\/wp-json\/wp\/v2\/media?parent=10967"}],"curies":[{"name":"wp","href":"https:\/\/api.w.org\/{rel}","templated":true}]}}