{"id":11004,"date":"2013-05-31T11:56:39","date_gmt":"2013-05-31T08:56:39","guid":{"rendered":"https:\/\/www.paksanmakina.com.tr\/iletisim\/"},"modified":"2024-07-15T16:38:26","modified_gmt":"2024-07-15T13:38:26","slug":"contacto","status":"publish","type":"page","link":"https:\/\/www.paksanmakina.com.tr\/es\/contacto\/","title":{"rendered":"CONTACTO"},"content":{"rendered":"<section class=\"l-section wpb_row height_auto width_full\"><div class=\"l-section-h i-cf\"><div class=\"g-cols type_default valign_top\"><div class=\"vc_col-sm-12 wpb_column vc_column_container\"><div class=\"vc_column-inner\"><div class=\"wpb_wrapper\">\r\n\t<div class=\"wpb_text_column \">\r\n\t\t<div class=\"wpb_wrapper\">\r\n\t\t\t<p><iframe loading=\"lazy\" style=\"border: 0;\" src=\"https:\/\/www.google.com\/maps\/embed?pb=!1m18!1m12!1m3!1d48691.1987771486!2d28.055378201137835!3d40.293519714500476!2m3!1f0!2f0!3f0!3m2!1i1024!2i768!4f13.1!3m3!1m2!1s0x0%3A0x0!2zNDDCsDE2JzUxLjQiTiAyOMKwMDMnMDIuMSJF!5e0!3m2!1str!2str!4v1548762179436\" width=\"2000\" height=\"475\" frameborder=\"0\" allowfullscreen=\"allowfullscreen\"><\/iframe><\/p>\n\r\n\t\t<\/div>\r\n\t<\/div>\r\n<\/div><\/div><\/div><\/div><\/div><\/section><section class=\"l-section wpb_row height_medium\"><div class=\"l-section-h i-cf\"><div class=\"g-cols type_default valign_top vc_column-gap-20\"><div class=\"vc_col-sm-4 wpb_column vc_column_container\"><div class=\"vc_column-inner\"><div class=\"wpb_wrapper\">\r\n\t<div class=\"wpb_text_column \">\r\n\t\t<div class=\"wpb_wrapper\">\r\n\t\t\t<h3>S\u00edguenos<\/h3>\n\r\n\t\t<\/div>\r\n\t<\/div>\r\n<div class=\"w-socials align_left style_solid color_brand index_1\" style=\"font-size:16px;\"><div class=\"w-socials-list\"><div class=\"w-socials-item facebook\">\r\n\t\t\t\t<a class=\"w-socials-item-link\" target=\"_blank\" href=\"https:\/\/www.facebook.com\/paksanmakina\/\">\r\n\t\t\t\t\t<span class=\"w-socials-item-link-hover\"><\/span>\r\n\t\t\t\t<\/a>\r\n\t\t\t\t<div class=\"w-socials-item-popup\">\r\n\t\t\t\t\t<span>Facebook<\/span>\r\n\t\t\t\t<\/div>\r\n\t\t\t<\/div><div class=\"w-socials-item youtube\">\r\n\t\t\t\t<a class=\"w-socials-item-link\" target=\"_blank\" href=\"https:\/\/www.youtube.com\/channel\/UCX-RQBs37hXd-enTaXEKE1A\">\r\n\t\t\t\t\t<span class=\"w-socials-item-link-hover\"><\/span>\r\n\t\t\t\t<\/a>\r\n\t\t\t\t<div class=\"w-socials-item-popup\">\r\n\t\t\t\t\t<span>YouTube<\/span>\r\n\t\t\t\t<\/div>\r\n\t\t\t<\/div><div class=\"w-socials-item instagram\">\r\n\t\t\t\t<a class=\"w-socials-item-link\" target=\"_blank\" href=\"https:\/\/www.instagram.com\/paksan.makina\/?hl=tr\">\r\n\t\t\t\t\t<span class=\"w-socials-item-link-hover\"><\/span>\r\n\t\t\t\t<\/a>\r\n\t\t\t\t<div class=\"w-socials-item-popup\">\r\n\t\t\t\t\t<span>Instagram<\/span>\r\n\t\t\t\t<\/div>\r\n\t\t\t<\/div><\/div><\/div><div class=\"w-separator type_default size_small thick_1 style_dotted color_border cont_icon\"><span class=\"w-separator-h\"><i class=\"fa fa-chevron-down\"><\/i><\/span><\/div>\r\n\t<div class=\"wpb_text_column \">\r\n\t\t<div class=\"wpb_wrapper\">\r\n\t\t\t<h3><span style=\"font-weight: 400;\">Contacte con nosotros<\/span><\/h3>\n\r\n\t\t<\/div>\r\n\t<\/div>\r\n<div class=\"w-iconbox iconpos_left style_circle color_primary no_text\"><div class=\"w-iconbox-icon\" style=\"font-size:18px;\"><i class=\"fa fa-map-marker\"><\/i><\/div><div class=\"w-iconbox-meta\"><div class=\"w-iconbox-title\">Band\u0131rma \u2013 Bursa Karayolu 10. km<br \/>\nBand\u0131rma \/ T\u00fcrkiye<\/div><\/div><\/div><div class=\"w-separator type_invisible size_small thick_1 style_solid color_border cont_none\"><span class=\"w-separator-h\"><\/span><\/div><div class=\"w-iconbox iconpos_left style_circle color_primary no_text\"><div class=\"w-iconbox-icon\" style=\"font-size:18px;\"><i class=\"fa fa-map-marker\"><\/i><\/div><div class=\"w-iconbox-meta\"><div class=\"w-iconbox-title\">Ta\u015ftepe, 10900 Deri Organize Sanayi B\u00f6lgesi G\u00f6nen \/ Bal\u0131kesir<\/div><\/div><\/div><div class=\"w-separator type_invisible size_small thick_1 style_solid color_border cont_none\"><span class=\"w-separator-h\"><\/span><\/div><div class=\"w-iconbox iconpos_left style_circle color_primary no_text\"><div class=\"w-iconbox-icon\" style=\"font-size:18px;\"><i class=\"fa fa-phone\"><\/i><\/div><div class=\"w-iconbox-meta\"><div class=\"w-iconbox-title\">444 9 725<\/div><\/div><\/div><div class=\"w-separator type_invisible size_small thick_1 style_solid color_border cont_none\"><span class=\"w-separator-h\"><\/span><\/div><div class=\"w-iconbox iconpos_left style_circle color_primary no_text\"><div class=\"w-iconbox-icon\" style=\"font-size:18px;\"><i class=\"fa fa-phone\"><\/i><\/div><div class=\"w-iconbox-meta\"><div class=\"w-iconbox-title\">+90 266 733 90 90<\/div><\/div><\/div><div class=\"w-separator type_invisible size_small thick_1 style_solid color_border cont_none\"><span class=\"w-separator-h\"><\/span><\/div><div class=\"w-iconbox iconpos_left style_circle color_primary no_text\"><div class=\"w-iconbox-icon\" style=\"font-size:18px;\"><i class=\"fa fa-fax\"><\/i><\/div><div class=\"w-iconbox-meta\"><div class=\"w-iconbox-title\">+90 266 733 90 99<\/div><\/div><\/div><div class=\"w-separator type_invisible size_small thick_1 style_solid color_border cont_none\"><span class=\"w-separator-h\"><\/span><\/div><div class=\"w-iconbox iconpos_left style_circle color_primary no_text\"><a class=\"w-iconbox-link\" href=\"mailto:paksan@paksanmakina.com.tr\"><div class=\"w-iconbox-icon\" style=\"font-size:18px;\"><i class=\"fa fa-envelope\"><\/i><\/div><\/a><div class=\"w-iconbox-meta\"><a class=\"w-iconbox-link\" href=\"mailto:paksan@paksanmakina.com.tr\"><div class=\"w-iconbox-title\">paksan@paksanmakina.com.tr<\/div><\/a><\/div><\/div><div class=\"w-separator type_invisible size_small thick_1 style_solid color_border cont_none\"><span class=\"w-separator-h\"><\/span><\/div>\r\n\t<div class=\"wpb_text_column \">\r\n\t\t<div class=\"wpb_wrapper\">\r\n\t\t\t<p><a href=\"https:\/\/www.paksanmakina.com.tr\/wp-content\/uploads\/2022\/01\/Paksan-katalog-t\u00fcrk\u00e7e.pdf\" target=\"_blank\" rel=\"noopener\">Paksan Makina TR Catalogar<\/a><\/p>\n\r\n\t\t<\/div>\r\n\t<\/div>\r\n<\/div><\/div><\/div><div class=\"vc_col-sm-8 wpb_column vc_column_container\"><div class=\"vc_column-inner\"><div class=\"wpb_wrapper\">\r\n\t<div class=\"wpb_text_column \">\r\n\t\t<div class=\"wpb_wrapper\">\r\n\t\t\t<h3><span style=\"font-weight: 400;\">Escr\u00edbanos<\/span><\/h3>\n\r\n\t\t<\/div>\r\n\t<\/div>\r\n<div class=\"w-form for_cform align_left\" id=\"us_form_1\">\r\n\t<form class=\"w-form-h\" autocomplete=\"off\" action=\"https:\/\/www.paksanmakina.com.tr\/es\/wp-json\/wp\/v2\/pages\/11004\" method=\"post\">\r\n\t\t\t\t\t\t\t<div class=\"w-form-row for_name required\">\r\n\t<div class=\"w-form-row-label\">\r\n\t\t<label for=\"us_form_1_name\"><\/label>\r\n\t<\/div>\r\n\t<div class=\"w-form-row-field\">\r\n\t\t\t\t<input type=\"text\" name=\"name\" id=\"us_form_1_name\" value=\"\"\r\n\t\t\t   placeholder=\"Nombre *\" data-required=\"true\" aria-required=\"true\"\/>\r\n\t\t<span class=\"w-form-row-field-bar\"><\/span>\r\n\t\t\t<\/div>\r\n\t<div class=\"w-form-row-state\"><\/div>\r\n\t<\/div>\r\n\t\t\t\t\t<div class=\"w-form-row for_email required\">\r\n\t<div class=\"w-form-row-label\">\r\n\t\t<label for=\"us_form_1_email\"><\/label>\r\n\t<\/div>\r\n\t<div class=\"w-form-row-field\">\r\n\t\t\t\t<input type=\"email\" name=\"email\" id=\"us_form_1_email\" value=\"\"\r\n\t\t\t   placeholder=\"Correo electr\u00f3nico *\" data-required=\"true\" aria-required=\"true\"\/>\r\n\t\t<span class=\"w-form-row-field-bar\"><\/span>\r\n\t\t\t<\/div>\r\n\t<div class=\"w-form-row-state\"><\/div>\r\n\t<\/div>\r\n\t\t\t\t\t<div class=\"w-form-row for_phone required\">\r\n\t<div class=\"w-form-row-label\">\r\n\t\t<label for=\"us_form_1_phone\"><\/label>\r\n\t<\/div>\r\n\t<div class=\"w-form-row-field\">\r\n\t\t\t\t<input type=\"text\" name=\"phone\" id=\"us_form_1_phone\" value=\"\"\r\n\t\t\t   placeholder=\"N\u00famero de tel\u00e9fono *\" data-required=\"true\" aria-required=\"true\"\/>\r\n\t\t<span class=\"w-form-row-field-bar\"><\/span>\r\n\t\t\t<\/div>\r\n\t<div class=\"w-form-row-state\"><\/div>\r\n\t<\/div>\r\n\t\t\t\t\t<div class=\"w-form-row for_message required\">\r\n\t<div class=\"w-form-row-label\">\r\n\t\t<label for=\"us_form_1_message\"><\/label>\r\n\t<\/div>\r\n\t<div class=\"w-form-row-field\">\r\n\t\t\t\t<textarea name=\"message\" id=\"us_form_1_message\" cols=\"30\" rows=\"10\" placeholder=\"Mensaje *\"\r\n\t\t\t data-required=\"true\" aria-required=\"true\"><\/textarea>\r\n\t\t<span class=\"w-form-row-field-bar\"><\/span>\r\n\t\t\t<\/div>\r\n\t<div class=\"w-form-row-state\"><\/div>\r\n\t<\/div>\r\n\t\t\t\t\t<input type=\"hidden\" name=\"action\" value=\"us_ajax_cform\" \/>\r\n\t\t\t\t\t<input type=\"hidden\" name=\"post_id\" value=\"11004\" \/>\r\n\t\t\t\t\t<input type=\"hidden\" name=\"form_index\" value=\"1\" \/>\r\n\t\t\t\t\t<div class=\"w-form-row for_submit\">\r\n\t<div class=\"w-form-row-field\">\r\n\t\t<button class=\"w-btn  color_primary style_solid\" type=\"submit\"><span class=\"g-preloader type_1\"><\/span><span class=\"w-btn-label\">Enviar mensaje<\/span><\/button>\r\n\t<\/div>\r\n<\/div>\r\n\t\t\t\t<div class=\"w-form-message\"><\/div>\r\n\t\t\t<\/form>\r\n\t\t\t<div class=\"w-form-json hidden\" onclick='return {&quot;ajaxurl&quot;:&quot;https:\\\/\\\/www.paksanmakina.com.tr\\\/wp-admin\\\/admin-ajax.php&quot;,&quot;success&quot;:&quot;\\u00a1Gracias! Tu mensaje ha sido enviado correctamente.&quot;,&quot;errors&quot;:{&quot;name&quot;:&quot;Por favor, introduce tu nombre&quot;,&quot;email&quot;:&quot;Por favor, introduce una direcci\\u00f3n de correo electr\\u00f3nico v\\u00e1lida.&quot;,&quot;phone&quot;:&quot;Por favor, introduce tu n\\u00famero de tel\\u00e9fono&quot;,&quot;message&quot;:&quot;Por favor, introduce un mensaje&quot;}}'><\/div>\r\n\t<\/div>\r\n<\/div><\/div><\/div><\/div><\/div><\/section>\n","protected":false},"excerpt":{"rendered":"S\u00edguenos Facebook YouTube Instagram Contacte con nosotros Band\u0131rma \u2013 Bursa Karayolu 10. km Band\u0131rma \/ T\u00fcrkiyeTa\u015ftepe, 10900 Deri Organize Sanayi B\u00f6lgesi G\u00f6nen \/ Bal\u0131kesir444 9 725+90 266 733 90 90+90 266 733 90 99paksan@paksanmakina.com.tr Paksan Makina TR Catalogar Escr\u00edbanos Enviar mensaje","protected":false},"author":1,"featured_media":0,"parent":0,"menu_order":0,"comment_status":"closed","ping_status":"closed","template":"","meta":{"footnotes":""},"yoast_head":"<!-- This site is optimized with the Yoast SEO plugin v20.0 - https:\/\/yoast.com\/wordpress\/plugins\/seo\/ -->\n<title>CONTACTO | Paksan Makina<\/title>\n<meta name=\"robots\" content=\"index, follow, max-snippet:-1, max-image-preview:large, max-video-preview:-1\" \/>\n<link rel=\"canonical\" href=\"https:\/\/www.paksanmakina.com.tr\/es\/contacto\/\" \/>\n<meta property=\"og:locale\" content=\"es_ES\" \/>\n<meta property=\"og:type\" content=\"article\" \/>\n<meta property=\"og:title\" content=\"CONTACTO | Paksan Makina\" \/>\n<meta property=\"og:url\" content=\"https:\/\/www.paksanmakina.com.tr\/es\/contacto\/\" \/>\n<meta property=\"og:site_name\" content=\"Paksan Makina\" \/>\n<meta property=\"article:publisher\" content=\"https:\/\/www.facebook.com\/paksanmakina\/\" \/>\n<meta property=\"article:modified_time\" content=\"2024-07-15T13:38:26+00:00\" \/>\n<meta name=\"twitter:card\" content=\"summary_large_image\" \/>\n<meta name=\"twitter:label1\" content=\"Tiempo de lectura\" \/>\n\t<meta name=\"twitter:data1\" content=\"2 minutos\" \/>\n<script type=\"application\/ld+json\" class=\"yoast-schema-graph\">{\"@context\":\"https:\/\/schema.org\",\"@graph\":[{\"@type\":\"WebPage\",\"@id\":\"https:\/\/www.paksanmakina.com.tr\/es\/contacto\/\",\"url\":\"https:\/\/www.paksanmakina.com.tr\/es\/contacto\/\",\"name\":\"CONTACTO | Paksan Makina\",\"isPartOf\":{\"@id\":\"https:\/\/www.paksanmakina.com.tr\/es\/#website\"},\"datePublished\":\"2013-05-31T08:56:39+00:00\",\"dateModified\":\"2024-07-15T13:38:26+00:00\",\"breadcrumb\":{\"@id\":\"https:\/\/www.paksanmakina.com.tr\/es\/contacto\/#breadcrumb\"},\"inLanguage\":\"es\",\"potentialAction\":[{\"@type\":\"ReadAction\",\"target\":[\"https:\/\/www.paksanmakina.com.tr\/es\/contacto\/\"]}]},{\"@type\":\"BreadcrumbList\",\"@id\":\"https:\/\/www.paksanmakina.com.tr\/es\/contacto\/#breadcrumb\",\"itemListElement\":[{\"@type\":\"ListItem\",\"position\":1,\"name\":\"Home\",\"item\":\"https:\/\/www.paksanmakina.com.tr\/es\/\"},{\"@type\":\"ListItem\",\"position\":2,\"name\":\"CONTACTO\"}]},{\"@type\":\"WebSite\",\"@id\":\"https:\/\/www.paksanmakina.com.tr\/es\/#website\",\"url\":\"https:\/\/www.paksanmakina.com.tr\/es\/\",\"name\":\"Paksan Makina\",\"description\":\"en iyisini istiyorsan !\",\"publisher\":{\"@id\":\"https:\/\/www.paksanmakina.com.tr\/es\/#organization\"},\"alternateName\":\"Paksan Makina\",\"potentialAction\":[{\"@type\":\"SearchAction\",\"target\":{\"@type\":\"EntryPoint\",\"urlTemplate\":\"https:\/\/www.paksanmakina.com.tr\/es\/?s={search_term_string}\"},\"query-input\":\"required name=search_term_string\"}],\"inLanguage\":\"es\"},{\"@type\":\"Organization\",\"@id\":\"https:\/\/www.paksanmakina.com.tr\/es\/#organization\",\"name\":\"Paksan\",\"alternateName\":\"PAKSAN MAK\u0130NA\",\"url\":\"https:\/\/www.paksanmakina.com.tr\/es\/\",\"logo\":{\"@type\":\"ImageObject\",\"inLanguage\":\"es\",\"@id\":\"https:\/\/www.paksanmakina.com.tr\/es\/#\/schema\/logo\/image\/\",\"url\":\"https:\/\/www.paksanmakina.com.tr\/wp-content\/uploads\/2022\/02\/Logo_Png.png\",\"contentUrl\":\"https:\/\/www.paksanmakina.com.tr\/wp-content\/uploads\/2022\/02\/Logo_Png.png\",\"width\":105,\"height\":105,\"caption\":\"Paksan\"},\"image\":{\"@id\":\"https:\/\/www.paksanmakina.com.tr\/es\/#\/schema\/logo\/image\/\"},\"sameAs\":[\"https:\/\/www.instagram.com\/paksan.makina\/\",\"https:\/\/www.youtube.com\/channel\/UCX-RQBs37hXd-enTaXEKE1A\",\"https:\/\/www.facebook.com\/paksanmakina\/\"]}]}<\/script>\n<!-- \/ Yoast SEO plugin. -->","yoast_head_json":{"title":"CONTACTO | Paksan Makina","robots":{"index":"index","follow":"follow","max-snippet":"max-snippet:-1","max-image-preview":"max-image-preview:large","max-video-preview":"max-video-preview:-1"},"canonical":"https:\/\/www.paksanmakina.com.tr\/es\/contacto\/","og_locale":"es_ES","og_type":"article","og_title":"CONTACTO | Paksan Makina","og_url":"https:\/\/www.paksanmakina.com.tr\/es\/contacto\/","og_site_name":"Paksan Makina","article_publisher":"https:\/\/www.facebook.com\/paksanmakina\/","article_modified_time":"2024-07-15T13:38:26+00:00","twitter_card":"summary_large_image","twitter_misc":{"Tiempo de lectura":"2 minutos"},"schema":{"@context":"https:\/\/schema.org","@graph":[{"@type":"WebPage","@id":"https:\/\/www.paksanmakina.com.tr\/es\/contacto\/","url":"https:\/\/www.paksanmakina.com.tr\/es\/contacto\/","name":"CONTACTO | Paksan Makina","isPartOf":{"@id":"https:\/\/www.paksanmakina.com.tr\/es\/#website"},"datePublished":"2013-05-31T08:56:39+00:00","dateModified":"2024-07-15T13:38:26+00:00","breadcrumb":{"@id":"https:\/\/www.paksanmakina.com.tr\/es\/contacto\/#breadcrumb"},"inLanguage":"es","potentialAction":[{"@type":"ReadAction","target":["https:\/\/www.paksanmakina.com.tr\/es\/contacto\/"]}]},{"@type":"BreadcrumbList","@id":"https:\/\/www.paksanmakina.com.tr\/es\/contacto\/#breadcrumb","itemListElement":[{"@type":"ListItem","position":1,"name":"Home","item":"https:\/\/www.paksanmakina.com.tr\/es\/"},{"@type":"ListItem","position":2,"name":"CONTACTO"}]},{"@type":"WebSite","@id":"https:\/\/www.paksanmakina.com.tr\/es\/#website","url":"https:\/\/www.paksanmakina.com.tr\/es\/","name":"Paksan Makina","description":"en iyisini istiyorsan !","publisher":{"@id":"https:\/\/www.paksanmakina.com.tr\/es\/#organization"},"alternateName":"Paksan Makina","potentialAction":[{"@type":"SearchAction","target":{"@type":"EntryPoint","urlTemplate":"https:\/\/www.paksanmakina.com.tr\/es\/?s={search_term_string}"},"query-input":"required name=search_term_string"}],"inLanguage":"es"},{"@type":"Organization","@id":"https:\/\/www.paksanmakina.com.tr\/es\/#organization","name":"Paksan","alternateName":"PAKSAN MAK\u0130NA","url":"https:\/\/www.paksanmakina.com.tr\/es\/","logo":{"@type":"ImageObject","inLanguage":"es","@id":"https:\/\/www.paksanmakina.com.tr\/es\/#\/schema\/logo\/image\/","url":"https:\/\/www.paksanmakina.com.tr\/wp-content\/uploads\/2022\/02\/Logo_Png.png","contentUrl":"https:\/\/www.paksanmakina.com.tr\/wp-content\/uploads\/2022\/02\/Logo_Png.png","width":105,"height":105,"caption":"Paksan"},"image":{"@id":"https:\/\/www.paksanmakina.com.tr\/es\/#\/schema\/logo\/image\/"},"sameAs":["https:\/\/www.instagram.com\/paksan.makina\/","https:\/\/www.youtube.com\/channel\/UCX-RQBs37hXd-enTaXEKE1A","https:\/\/www.facebook.com\/paksanmakina\/"]}]}},"_links":{"self":[{"href":"https:\/\/www.paksanmakina.com.tr\/es\/wp-json\/wp\/v2\/pages\/11004"}],"collection":[{"href":"https:\/\/www.paksanmakina.com.tr\/es\/wp-json\/wp\/v2\/pages"}],"about":[{"href":"https:\/\/www.paksanmakina.com.tr\/es\/wp-json\/wp\/v2\/types\/page"}],"author":[{"embeddable":true,"href":"https:\/\/www.paksanmakina.com.tr\/es\/wp-json\/wp\/v2\/users\/1"}],"replies":[{"embeddable":true,"href":"https:\/\/www.paksanmakina.com.tr\/es\/wp-json\/wp\/v2\/comments?post=11004"}],"version-history":[{"count":3,"href":"https:\/\/www.paksanmakina.com.tr\/es\/wp-json\/wp\/v2\/pages\/11004\/revisions"}],"predecessor-version":[{"id":11008,"href":"https:\/\/www.paksanmakina.com.tr\/es\/wp-json\/wp\/v2\/pages\/11004\/revisions\/11008"}],"wp:attachment":[{"href":"https:\/\/www.paksanmakina.com.tr\/es\/wp-json\/wp\/v2\/media?parent=11004"}],"curies":[{"name":"wp","href":"https:\/\/api.w.org\/{rel}","templated":true}]}}