{"id":11050,"date":"2019-02-04T17:26:35","date_gmt":"2019-02-04T14:26:35","guid":{"rendered":"https:\/\/www.paksanmakina.com.tr\/buyuk-balya-makinalari\/"},"modified":"2024-07-15T18:06:26","modified_gmt":"2024-07-15T15:06:26","slug":"empacadoras-grandes","status":"publish","type":"page","link":"https:\/\/www.paksanmakina.com.tr\/es\/empacadoras-grandes\/","title":{"rendered":"Empacadoras Grandes"},"content":{"rendered":"<section class=\"l-section wpb_row height_auto color_custom\" style=\"background-color: #ffffff; color: #555555;\"><div class=\"l-section-h i-cf\"><div class=\"g-cols type_default valign_top\"><div class=\"vc_col-sm-12 wpb_column vc_column_container\"><div class=\"vc_column-inner\"><div class=\"wpb_wrapper\">\t<div class=\"w-portfolio type_grid style_2 cols_2 align_center ratio_1x1 with_indents\">\t<div class=\"w-portfolio-list\"><div class=\"w-portfolio-item empacadoras-grandes-es size_1x1\" data-id=\"11011\" data-categories=\"empacadoras-grandes-es\">\r\n\t<a class=\"w-portfolio-item-anchor\" href=\"https:\/\/www.paksanmakina.com.tr\/es\/urunler\/empacadora-870\/\" style=\"color: #e07833;\">\r\n\t\t<div class=\"w-portfolio-item-image\" style=\"background-image: url(https:\/\/www.paksanmakina.com.tr\/wp-content\/uploads\/2019\/01\/Paksan-Buyuk-Balya-Makinasi-870-Orkinos.jpg)\">\r\n\t\t\t<img loading=\"lazy\" decoding=\"async\" src=\"https:\/\/www.paksanmakina.com.tr\/wp-content\/uploads\/2019\/01\/Paksan-Buyuk-Balya-Makinasi-870-Orkinos.jpg\" width=\"1800\" height=\"1800\" alt=\"Orkinos 870\" \/>\t\t<\/div>\r\n\t\t\t\t\t\t\t<div class=\"w-portfolio-item-meta\">\r\n\t\t\t\t<div class=\"w-portfolio-item-meta-h\">\r\n\t\t\t\t\t<h2 class=\"w-portfolio-item-title\" style=\"font-size:22px\">Orkinos 870<\/h2><span class=\"w-portfolio-item-text\">Empacadoras grandes<\/span>\t\t\t\t\t<span class=\"w-portfolio-item-arrow\"><\/span>\r\n\t\t\t\t<\/div>\r\n\t\t\t<\/div>\r\n\t\t\t<\/a>\r\n<\/div>\r\n<div class=\"w-portfolio-item empacadoras-grandes-es size_1x1\" data-id=\"11031\" data-categories=\"empacadoras-grandes-es\">\r\n\t<a class=\"w-portfolio-item-anchor\" href=\"https:\/\/www.paksanmakina.com.tr\/es\/urunler\/empacadora-1270\/\" style=\"color: #e07833;\">\r\n\t\t<div class=\"w-portfolio-item-image\" style=\"background-image: url(https:\/\/www.paksanmakina.com.tr\/wp-content\/uploads\/2019\/01\/Paksan-Buyuk-Balya-Makinasi-1270-Orkinos.jpg)\">\r\n\t\t\t<img loading=\"lazy\" decoding=\"async\" src=\"https:\/\/www.paksanmakina.com.tr\/wp-content\/uploads\/2019\/01\/Paksan-Buyuk-Balya-Makinasi-1270-Orkinos.jpg\" width=\"1800\" height=\"1800\" alt=\"Orkinos 1270\" \/>\t\t<\/div>\r\n\t\t\t\t\t\t\t<div class=\"w-portfolio-item-meta\">\r\n\t\t\t\t<div class=\"w-portfolio-item-meta-h\">\r\n\t\t\t\t\t<h2 class=\"w-portfolio-item-title\" style=\"font-size:22px\">Orkinos 1270<\/h2><span class=\"w-portfolio-item-text\">Empacadoras grandes<\/span>\t\t\t\t\t<span class=\"w-portfolio-item-arrow\"><\/span>\r\n\t\t\t\t<\/div>\r\n\t\t\t<\/div>\r\n\t\t\t<\/a>\r\n<\/div>\r\n<div class=\"w-portfolio-item empacadoras-grandes-es size_1x1\" data-id=\"11512\" data-categories=\"empacadoras-grandes-es\">\r\n\t<a class=\"w-portfolio-item-anchor\" href=\"https:\/\/www.paksanmakina.com.tr\/es\/urunler\/albatros-870\/\" style=\"color: #e07833;\">\r\n\t\t<div class=\"w-portfolio-item-image\" style=\"background-image: url(https:\/\/www.paksanmakina.com.tr\/wp-content\/uploads\/2024\/12\/Albatros870-Paksan-Buyuk-Balya-Makinasi-Kapak.jpg)\">\r\n\t\t\t<img loading=\"lazy\" decoding=\"async\" src=\"https:\/\/www.paksanmakina.com.tr\/wp-content\/uploads\/2024\/12\/Albatros870-Paksan-Buyuk-Balya-Makinasi-Kapak.jpg\" width=\"1800\" height=\"1800\" alt=\"Albatros 870\" \/>\t\t<\/div>\r\n\t\t\t\t\t\t\t<div class=\"w-portfolio-item-meta\">\r\n\t\t\t\t<div class=\"w-portfolio-item-meta-h\">\r\n\t\t\t\t\t<h2 class=\"w-portfolio-item-title\" style=\"font-size:22px\">Albatros 870<\/h2><span class=\"w-portfolio-item-text\">Empacadoras grandes<\/span>\t\t\t\t\t<span class=\"w-portfolio-item-arrow\"><\/span>\r\n\t\t\t\t<\/div>\r\n\t\t\t<\/div>\r\n\t\t\t<\/a>\r\n<\/div>\r\n<div class=\"w-portfolio-item empacadoras-grandes-es size_1x1\" data-id=\"11510\" data-categories=\"empacadoras-grandes-es\">\r\n\t<a class=\"w-portfolio-item-anchor\" href=\"https:\/\/www.paksanmakina.com.tr\/es\/urunler\/orka-870\/\" style=\"color: #e07833;\">\r\n\t\t<div class=\"w-portfolio-item-image\" style=\"background-image: url(https:\/\/www.paksanmakina.com.tr\/wp-content\/uploads\/2024\/12\/Orka-870-Paksan-Buyuk-Balya-Makinasi-Kapak.jpg)\">\r\n\t\t\t<img loading=\"lazy\" decoding=\"async\" src=\"https:\/\/www.paksanmakina.com.tr\/wp-content\/uploads\/2024\/12\/Orka-870-Paksan-Buyuk-Balya-Makinasi-Kapak.jpg\" width=\"1800\" height=\"1800\" alt=\"Orka 870\" \/>\t\t<\/div>\r\n\t\t\t\t\t\t\t<div class=\"w-portfolio-item-meta\">\r\n\t\t\t\t<div class=\"w-portfolio-item-meta-h\">\r\n\t\t\t\t\t<h2 class=\"w-portfolio-item-title\" style=\"font-size:22px\">Orka 870<\/h2><span class=\"w-portfolio-item-text\">Empacadoras grandes<\/span>\t\t\t\t\t<span class=\"w-portfolio-item-arrow\"><\/span>\r\n\t\t\t\t<\/div>\r\n\t\t\t<\/div>\r\n\t\t\t<\/a>\r\n<\/div>\r\n<\/div><\/div><\/div><\/div><\/div><\/div><\/div><\/section>\n","protected":false},"excerpt":{"rendered":"ORKA 870 Orka ofrece un alto rendimiento con una potencia de 90-100 HP, una secci\u00f3n transversal de paca de 80x70 cm y un sistema de anudado doble. Con una producci\u00f3n de pacas de 250-300 kg de ma\u00edz y 220-250 kg de paja, Orka garantiza la calidad de cada bala con su sistema de rotor y...","protected":false},"author":1,"featured_media":11052,"parent":0,"menu_order":0,"comment_status":"closed","ping_status":"closed","template":"","meta":{"footnotes":""},"yoast_head":"<!-- This site is optimized with the Yoast SEO plugin v20.0 - https:\/\/yoast.com\/wordpress\/plugins\/seo\/ -->\n<title>Empacadoras Grandes | Paksan Makina<\/title>\n<meta name=\"robots\" content=\"index, follow, max-snippet:-1, max-image-preview:large, max-video-preview:-1\" \/>\n<link rel=\"canonical\" href=\"https:\/\/www.paksanmakina.com.tr\/es\/empacadoras-grandes\/\" \/>\n<meta property=\"og:locale\" content=\"es_ES\" \/>\n<meta property=\"og:type\" content=\"article\" \/>\n<meta property=\"og:title\" content=\"Empacadoras Grandes | Paksan Makina\" \/>\n<meta property=\"og:url\" content=\"https:\/\/www.paksanmakina.com.tr\/es\/empacadoras-grandes\/\" \/>\n<meta property=\"og:site_name\" content=\"Paksan Makina\" \/>\n<meta property=\"article:publisher\" content=\"https:\/\/www.facebook.com\/paksanmakina\/\" \/>\n<meta property=\"article:modified_time\" content=\"2024-07-15T15:06:26+00:00\" \/>\n<meta property=\"og:image\" content=\"https:\/\/www.paksanmakina.com.tr\/wp-content\/uploads\/2024\/03\/Paksan-Buyuk-Balya-Makinasi-870-Orkinos.jpg\" \/>\n\t<meta property=\"og:image:width\" content=\"1800\" \/>\n\t<meta property=\"og:image:height\" content=\"1800\" \/>\n\t<meta property=\"og:image:type\" content=\"image\/jpeg\" \/>\n<meta name=\"twitter:card\" content=\"summary_large_image\" \/>\n<script type=\"application\/ld+json\" class=\"yoast-schema-graph\">{\"@context\":\"https:\/\/schema.org\",\"@graph\":[{\"@type\":\"WebPage\",\"@id\":\"https:\/\/www.paksanmakina.com.tr\/es\/empacadoras-grandes\/\",\"url\":\"https:\/\/www.paksanmakina.com.tr\/es\/empacadoras-grandes\/\",\"name\":\"Empacadoras Grandes | Paksan Makina\",\"isPartOf\":{\"@id\":\"https:\/\/www.paksanmakina.com.tr\/es\/#website\"},\"datePublished\":\"2019-02-04T14:26:35+00:00\",\"dateModified\":\"2024-07-15T15:06:26+00:00\",\"breadcrumb\":{\"@id\":\"https:\/\/www.paksanmakina.com.tr\/es\/empacadoras-grandes\/#breadcrumb\"},\"inLanguage\":\"es\",\"potentialAction\":[{\"@type\":\"ReadAction\",\"target\":[\"https:\/\/www.paksanmakina.com.tr\/es\/empacadoras-grandes\/\"]}]},{\"@type\":\"BreadcrumbList\",\"@id\":\"https:\/\/www.paksanmakina.com.tr\/es\/empacadoras-grandes\/#breadcrumb\",\"itemListElement\":[{\"@type\":\"ListItem\",\"position\":1,\"name\":\"Home\",\"item\":\"https:\/\/www.paksanmakina.com.tr\/es\/\"},{\"@type\":\"ListItem\",\"position\":2,\"name\":\"Empacadoras Grandes\"}]},{\"@type\":\"WebSite\",\"@id\":\"https:\/\/www.paksanmakina.com.tr\/es\/#website\",\"url\":\"https:\/\/www.paksanmakina.com.tr\/es\/\",\"name\":\"Paksan Makina\",\"description\":\"en iyisini istiyorsan !\",\"publisher\":{\"@id\":\"https:\/\/www.paksanmakina.com.tr\/es\/#organization\"},\"alternateName\":\"Paksan Makina\",\"potentialAction\":[{\"@type\":\"SearchAction\",\"target\":{\"@type\":\"EntryPoint\",\"urlTemplate\":\"https:\/\/www.paksanmakina.com.tr\/es\/?s={search_term_string}\"},\"query-input\":\"required name=search_term_string\"}],\"inLanguage\":\"es\"},{\"@type\":\"Organization\",\"@id\":\"https:\/\/www.paksanmakina.com.tr\/es\/#organization\",\"name\":\"Paksan\",\"alternateName\":\"PAKSAN MAK\u0130NA\",\"url\":\"https:\/\/www.paksanmakina.com.tr\/es\/\",\"logo\":{\"@type\":\"ImageObject\",\"inLanguage\":\"es\",\"@id\":\"https:\/\/www.paksanmakina.com.tr\/es\/#\/schema\/logo\/image\/\",\"url\":\"https:\/\/www.paksanmakina.com.tr\/wp-content\/uploads\/2022\/02\/Logo_Png.png\",\"contentUrl\":\"https:\/\/www.paksanmakina.com.tr\/wp-content\/uploads\/2022\/02\/Logo_Png.png\",\"width\":105,\"height\":105,\"caption\":\"Paksan\"},\"image\":{\"@id\":\"https:\/\/www.paksanmakina.com.tr\/es\/#\/schema\/logo\/image\/\"},\"sameAs\":[\"https:\/\/www.instagram.com\/paksan.makina\/\",\"https:\/\/www.youtube.com\/channel\/UCX-RQBs37hXd-enTaXEKE1A\",\"https:\/\/www.facebook.com\/paksanmakina\/\"]}]}<\/script>\n<!-- \/ Yoast SEO plugin. -->","yoast_head_json":{"title":"Empacadoras Grandes | Paksan Makina","robots":{"index":"index","follow":"follow","max-snippet":"max-snippet:-1","max-image-preview":"max-image-preview:large","max-video-preview":"max-video-preview:-1"},"canonical":"https:\/\/www.paksanmakina.com.tr\/es\/empacadoras-grandes\/","og_locale":"es_ES","og_type":"article","og_title":"Empacadoras Grandes | Paksan Makina","og_url":"https:\/\/www.paksanmakina.com.tr\/es\/empacadoras-grandes\/","og_site_name":"Paksan Makina","article_publisher":"https:\/\/www.facebook.com\/paksanmakina\/","article_modified_time":"2024-07-15T15:06:26+00:00","og_image":[{"width":1800,"height":1800,"url":"https:\/\/www.paksanmakina.com.tr\/wp-content\/uploads\/2024\/03\/Paksan-Buyuk-Balya-Makinasi-870-Orkinos.jpg","type":"image\/jpeg"}],"twitter_card":"summary_large_image","schema":{"@context":"https:\/\/schema.org","@graph":[{"@type":"WebPage","@id":"https:\/\/www.paksanmakina.com.tr\/es\/empacadoras-grandes\/","url":"https:\/\/www.paksanmakina.com.tr\/es\/empacadoras-grandes\/","name":"Empacadoras Grandes | Paksan Makina","isPartOf":{"@id":"https:\/\/www.paksanmakina.com.tr\/es\/#website"},"datePublished":"2019-02-04T14:26:35+00:00","dateModified":"2024-07-15T15:06:26+00:00","breadcrumb":{"@id":"https:\/\/www.paksanmakina.com.tr\/es\/empacadoras-grandes\/#breadcrumb"},"inLanguage":"es","potentialAction":[{"@type":"ReadAction","target":["https:\/\/www.paksanmakina.com.tr\/es\/empacadoras-grandes\/"]}]},{"@type":"BreadcrumbList","@id":"https:\/\/www.paksanmakina.com.tr\/es\/empacadoras-grandes\/#breadcrumb","itemListElement":[{"@type":"ListItem","position":1,"name":"Home","item":"https:\/\/www.paksanmakina.com.tr\/es\/"},{"@type":"ListItem","position":2,"name":"Empacadoras Grandes"}]},{"@type":"WebSite","@id":"https:\/\/www.paksanmakina.com.tr\/es\/#website","url":"https:\/\/www.paksanmakina.com.tr\/es\/","name":"Paksan Makina","description":"en iyisini istiyorsan !","publisher":{"@id":"https:\/\/www.paksanmakina.com.tr\/es\/#organization"},"alternateName":"Paksan Makina","potentialAction":[{"@type":"SearchAction","target":{"@type":"EntryPoint","urlTemplate":"https:\/\/www.paksanmakina.com.tr\/es\/?s={search_term_string}"},"query-input":"required name=search_term_string"}],"inLanguage":"es"},{"@type":"Organization","@id":"https:\/\/www.paksanmakina.com.tr\/es\/#organization","name":"Paksan","alternateName":"PAKSAN MAK\u0130NA","url":"https:\/\/www.paksanmakina.com.tr\/es\/","logo":{"@type":"ImageObject","inLanguage":"es","@id":"https:\/\/www.paksanmakina.com.tr\/es\/#\/schema\/logo\/image\/","url":"https:\/\/www.paksanmakina.com.tr\/wp-content\/uploads\/2022\/02\/Logo_Png.png","contentUrl":"https:\/\/www.paksanmakina.com.tr\/wp-content\/uploads\/2022\/02\/Logo_Png.png","width":105,"height":105,"caption":"Paksan"},"image":{"@id":"https:\/\/www.paksanmakina.com.tr\/es\/#\/schema\/logo\/image\/"},"sameAs":["https:\/\/www.instagram.com\/paksan.makina\/","https:\/\/www.youtube.com\/channel\/UCX-RQBs37hXd-enTaXEKE1A","https:\/\/www.facebook.com\/paksanmakina\/"]}]}},"_links":{"self":[{"href":"https:\/\/www.paksanmakina.com.tr\/es\/wp-json\/wp\/v2\/pages\/11050"}],"collection":[{"href":"https:\/\/www.paksanmakina.com.tr\/es\/wp-json\/wp\/v2\/pages"}],"about":[{"href":"https:\/\/www.paksanmakina.com.tr\/es\/wp-json\/wp\/v2\/types\/page"}],"author":[{"embeddable":true,"href":"https:\/\/www.paksanmakina.com.tr\/es\/wp-json\/wp\/v2\/users\/1"}],"replies":[{"embeddable":true,"href":"https:\/\/www.paksanmakina.com.tr\/es\/wp-json\/wp\/v2\/comments?post=11050"}],"version-history":[{"count":1,"href":"https:\/\/www.paksanmakina.com.tr\/es\/wp-json\/wp\/v2\/pages\/11050\/revisions"}],"predecessor-version":[{"id":11053,"href":"https:\/\/www.paksanmakina.com.tr\/es\/wp-json\/wp\/v2\/pages\/11050\/revisions\/11053"}],"wp:featuredmedia":[{"embeddable":true,"href":"https:\/\/www.paksanmakina.com.tr\/es\/wp-json\/wp\/v2\/media\/11052"}],"wp:attachment":[{"href":"https:\/\/www.paksanmakina.com.tr\/es\/wp-json\/wp\/v2\/media?parent=11050"}],"curies":[{"name":"wp","href":"https:\/\/api.w.org\/{rel}","templated":true}]}}